{"id":10635,"date":"2023-03-01T11:05:46","date_gmt":"2023-03-01T11:05:46","guid":{"rendered":"https:\/\/ywamarts.org\/sobre-voce\/"},"modified":"2026-01-22T18:59:46","modified_gmt":"2026-01-22T18:59:46","slug":"sobre-voce","status":"publish","type":"page","link":"https:\/\/ywamarts.org\/pt-br\/sobre-voce\/","title":{"rendered":"Sobre n\u00f3s"},"content":{"rendered":"\t\t<div data-elementor-type=\"wp-page\" data-elementor-id=\"10635\" class=\"elementor elementor-10635 elementor-339\" data-elementor-post-type=\"page\">\n\t\t\t\t<div data-particle_enable=\"false\" data-particle-mobile-disabled=\"false\" class=\"elementor-element elementor-element-8429f0f e-flex e-con-boxed e-con e-parent\" data-id=\"8429f0f\" data-element_type=\"container\" data-e-type=\"container\" data-settings=\"{&quot;background_background&quot;:&quot;classic&quot;}\">\n\t\t\t\t\t<div class=\"e-con-inner\">\n\t\t\t\t<div class=\"elementor-element elementor-element-6821c19 elementor-widget elementor-widget-heading\" data-id=\"6821c19\" data-element_type=\"widget\" data-e-type=\"widget\" data-widget_type=\"heading.default\">\n\t\t\t\t\t<h2 class=\"elementor-heading-title elementor-size-default\">Sobre<\/h2>\t\t\t\t<\/div>\n\t\t\t\t<div class=\"elementor-element elementor-element-692eab8 elementor-widget elementor-widget-heading\" data-id=\"692eab8\" data-element_type=\"widget\" data-e-type=\"widget\" data-widget_type=\"heading.default\">\n\t\t\t\t\t<h2 class=\"elementor-heading-title elementor-size-default\">a Faculdade de Artes<\/h2>\t\t\t\t<\/div>\n\t\t\t\t\t<\/div>\n\t\t\t\t<\/div>\n\t\t<div data-particle_enable=\"false\" data-particle-mobile-disabled=\"false\" class=\"elementor-element elementor-element-c066979 e-flex e-con-boxed e-con e-parent\" data-id=\"c066979\" data-element_type=\"container\" data-e-type=\"container\">\n\t\t\t\t\t<div class=\"e-con-inner\">\n\t\t\t\t<div class=\"elementor-element elementor-element-6394928 elementor-mobile-align-left elementor-widget elementor-widget-button\" data-id=\"6394928\" data-element_type=\"widget\" data-e-type=\"widget\" data-widget_type=\"button.default\">\n\t\t\t\t\t\t\t\t\t\t<a class=\"elementor-button elementor-button-link elementor-size-sm elementor-animation-grow\" href=\"#collegearts\">\n\t\t\t\t\t\t<span class=\"elementor-button-content-wrapper\">\n\t\t\t\t\t\t\t\t\t<span class=\"elementor-button-text\">Faculdade<\/span>\n\t\t\t\t\t<\/span>\n\t\t\t\t\t<\/a>\n\t\t\t\t\t\t\t\t<\/div>\n\t\t\t\t<div class=\"elementor-element elementor-element-01ff582 elementor-mobile-align-left elementor-widget elementor-widget-button\" data-id=\"01ff582\" data-element_type=\"widget\" data-e-type=\"widget\" data-widget_type=\"button.default\">\n\t\t\t\t\t\t\t\t\t\t<a class=\"elementor-button elementor-button-link elementor-size-sm elementor-animation-grow\" href=\"#collegevalues\">\n\t\t\t\t\t\t<span class=\"elementor-button-content-wrapper\">\n\t\t\t\t\t\t\t\t\t<span class=\"elementor-button-text\">valores<\/span>\n\t\t\t\t\t<\/span>\n\t\t\t\t\t<\/a>\n\t\t\t\t\t\t\t\t<\/div>\n\t\t\t\t<div class=\"elementor-element elementor-element-f81e7a8 elementor-mobile-align-left elementor-widget elementor-widget-button\" data-id=\"f81e7a8\" data-element_type=\"widget\" data-e-type=\"widget\" data-widget_type=\"button.default\">\n\t\t\t\t\t\t\t\t\t\t<a class=\"elementor-button elementor-button-link elementor-size-sm elementor-animation-grow\" href=\"#dean\">\n\t\t\t\t\t\t<span class=\"elementor-button-content-wrapper\">\n\t\t\t\t\t\t\t\t\t<span class=\"elementor-button-text\">Reitor<\/span>\n\t\t\t\t\t<\/span>\n\t\t\t\t\t<\/a>\n\t\t\t\t\t\t\t\t<\/div>\n\t\t\t\t<div class=\"elementor-element elementor-element-112cc96 elementor-mobile-align-left elementor-widget elementor-widget-button\" data-id=\"112cc96\" data-element_type=\"widget\" data-e-type=\"widget\" data-widget_type=\"button.default\">\n\t\t\t\t\t\t\t\t\t\t<a class=\"elementor-button elementor-button-link elementor-size-sm elementor-animation-grow\" href=\"#uofnarts\">\n\t\t\t\t\t\t<span class=\"elementor-button-content-wrapper\">\n\t\t\t\t\t\t\t\t\t<span class=\"elementor-button-text\">Universidade das Na\u00e7\u00f5es<\/span>\n\t\t\t\t\t<\/span>\n\t\t\t\t\t<\/a>\n\t\t\t\t\t\t\t\t<\/div>\n\t\t\t\t<div class=\"elementor-element elementor-element-8dcc241 elementor-mobile-align-left elementor-widget elementor-widget-button\" data-id=\"8dcc241\" data-element_type=\"widget\" data-e-type=\"widget\" data-widget_type=\"button.default\">\n\t\t\t\t\t\t\t\t\t\t<a class=\"elementor-button elementor-button-link elementor-size-sm elementor-animation-grow\" href=\"#ywamarts\">\n\t\t\t\t\t\t<span class=\"elementor-button-content-wrapper\">\n\t\t\t\t\t\t\t\t\t<span class=\"elementor-button-text\">JOCUM<\/span>\n\t\t\t\t\t<\/span>\n\t\t\t\t\t<\/a>\n\t\t\t\t\t\t\t\t<\/div>\n\t\t\t\t\t<\/div>\n\t\t\t\t<\/div>\n\t\t<div data-particle_enable=\"false\" data-particle-mobile-disabled=\"false\" class=\"elementor-element elementor-element-d0dd4f4 e-flex e-con-boxed e-con e-parent\" data-id=\"d0dd4f4\" data-element_type=\"container\" data-e-type=\"container\">\n\t\t\t\t\t<div class=\"e-con-inner\">\n\t\t\t\t<div class=\"elementor-element elementor-element-b838026 elementor-widget elementor-widget-menu-anchor\" data-id=\"b838026\" data-element_type=\"widget\" data-e-type=\"widget\" data-widget_type=\"menu-anchor.default\">\n\t\t\t\t\t\t\t<div class=\"elementor-menu-anchor\" id=\"collegearts\"><\/div>\n\t\t\t\t\t\t<\/div>\n\t\t<div data-particle_enable=\"false\" data-particle-mobile-disabled=\"false\" class=\"elementor-element elementor-element-7fca614 e-con-full e-flex e-con e-child\" data-id=\"7fca614\" data-element_type=\"container\" data-e-type=\"container\">\n\t\t\t\t<div class=\"elementor-element elementor-element-7d6b1bc elementor-widget elementor-widget-text-editor\" data-id=\"7d6b1bc\" data-element_type=\"widget\" data-e-type=\"widget\" data-widget_type=\"text-editor.default\">\n\t\t\t\t\t\t\t\t\t<h4>Descubra a Faculdade de Artes<\/h4><p>Bem-vindo \u00e0 Faculdade de Artes, onde a criatividade e o prop\u00f3sito se unem em um ambiente acad\u00eamico orientado pela miss\u00e3o. Como parte integrante da Jovens Com Uma Miss\u00e3o (JOCUM), combinamos <strong>excel\u00eancia art\u00edstica<\/strong> com um profundo compromisso de &#8220;Conhecer Deus e torn\u00e1-Lo conhecido&#8221; em todo o mundo. Em nossa faculdade, vemos a arte como uma linguagem divina &#8211; um meio poderoso pelo qual o Criador inspira e transforma. <strong>Nossa meta \u00e9 formar artistas que se destacam em sua arte e, ao mesmo tempo, incorporam o esp\u00edrito de um mission\u00e1rio<\/strong>, compartilhando mensagens de esperan\u00e7a e reden\u00e7\u00e3o por onde passam.  <\/p><p>Nossos programas acad\u00eamicos s\u00e3o cuidadosamente <strong>projetados para entrela\u00e7ar a educa\u00e7\u00e3o com o crescimento espiritual<\/strong>. Em um ambiente vibrante de aprendizado ao vivo, enriquecido por <strong>experi\u00eancias interculturais<\/strong>, os alunos embarcam em uma jornada transformadora guiada por professores e l\u00edderes experientes. Aqui, a presen\u00e7a de Jesus n\u00e3o \u00e9 apenas ensinada; ela \u00e9 realmente vivenciada. Oferecemos um curr\u00edculo diversificado que abrange <strong>v\u00e1rias disciplinas art\u00edsticas<\/strong>, permitindo que os alunos obtenham diplomas por meio de uma combina\u00e7\u00e3o de cursos, semin\u00e1rios, est\u00e1gios e alcance global. Essa abordagem abrangente enriquece tanto as artes quanto as miss\u00f5es.    <\/p><p>Se a sua voca\u00e7\u00e3o leva voc\u00ea a colaborar com artistas profissionais, ensinar em diversos contextos culturais ou servir aos necessitados, a Faculdade de Artes oferece uma educa\u00e7\u00e3o hol\u00edstica que estimula suas habilidades e sua jornada espiritual.<\/p><p>Junte-se a n\u00f3s na Faculdade de Artes da Universidade das Na\u00e7\u00f5es, onde sua paix\u00e3o por arte e miss\u00f5es se torna uma poderosa for\u00e7a de mudan\u00e7a. Abrace uma educa\u00e7\u00e3o que aprimora sua arte enquanto aprofunda sua f\u00e9, capacitando voc\u00ea a<strong> influenciar o mundo com a beleza e a verdade de Cristo<\/strong>. <\/p>\t\t\t\t\t\t\t\t<\/div>\n\t\t\t\t<\/div>\n\t\t\t\t\t<\/div>\n\t\t\t\t<\/div>\n\t\t<div data-particle_enable=\"false\" data-particle-mobile-disabled=\"false\" class=\"elementor-element elementor-element-5d1834b e-flex e-con-boxed e-con e-parent\" data-id=\"5d1834b\" data-element_type=\"container\" data-e-type=\"container\" data-settings=\"{&quot;background_background&quot;:&quot;classic&quot;}\">\n\t\t\t\t\t<div class=\"e-con-inner\">\n\t\t\t\t\t<\/div>\n\t\t\t\t<\/div>\n\t\t<div data-particle_enable=\"false\" data-particle-mobile-disabled=\"false\" class=\"elementor-element elementor-element-2790303 e-flex e-con-boxed e-con e-parent\" data-id=\"2790303\" data-element_type=\"container\" data-e-type=\"container\">\n\t\t\t\t\t<div class=\"e-con-inner\">\n\t\t\t\t<div class=\"elementor-element elementor-element-d0c5e2a elementor-widget elementor-widget-menu-anchor\" data-id=\"d0c5e2a\" data-element_type=\"widget\" data-e-type=\"widget\" data-widget_type=\"menu-anchor.default\">\n\t\t\t\t\t\t\t<div class=\"elementor-menu-anchor\" id=\"collegevalues\"><\/div>\n\t\t\t\t\t\t<\/div>\n\t\t<div data-particle_enable=\"false\" data-particle-mobile-disabled=\"false\" class=\"elementor-element elementor-element-f8d7e80 e-con-full e-flex e-con e-child\" data-id=\"f8d7e80\" data-element_type=\"container\" data-e-type=\"container\">\n\t\t\t\t<div class=\"elementor-element elementor-element-f3e89cd elementor-widget elementor-widget-text-editor\" data-id=\"f3e89cd\" data-element_type=\"widget\" data-e-type=\"widget\" data-widget_type=\"text-editor.default\">\n\t\t\t\t\t\t\t\t\t<h4>Nossos valores<\/h4><p>1. Comunidade e colabora\u00e7\u00e3o<\/p><ul><li>Comunidades orientadas para o relacionamento, centradas em Jesus e transformadas por Seu amor<\/li><li>Parceria entre diversas comunidades multiculturais e multigeracionais<\/li><li>Praticar a hospitalidade e a generosidade por meio da cria\u00e7\u00e3o art\u00edstica  <\/li><\/ul><p> <\/p><p>2. Desenvolvimento criativo e vocacional<\/p><ul><li>Aprendendo um fundamento b\u00edblico em artes<\/li><li>Catalisador para o chamado e a vis\u00e3o inspirados por Deus nas artes<\/li><li>Desenvolvimento hol\u00edstico do artista por meio de aprendizado modular<\/li><li>Experi\u00eancia imersiva e real, centrada em aplica\u00e7\u00f5es pr\u00e1ticas de campo<\/li><\/ul><p> <\/p><p>3. Miss\u00e3o e inova\u00e7\u00e3o<\/p><ul><li>Seja o sal e a luz de Cristo em meio \u00e0 cultura art\u00edstica<\/li><li>Servi\u00e7o por meio da humildade cultural: disposi\u00e7\u00e3o para ouvir, aprender e contextualizar<\/li><li>Iniciativas criativas que contribuem para as comunidades e o cen\u00e1rio cultural<\/li><\/ul>\t\t\t\t\t\t\t\t<\/div>\n\t\t\t\t<\/div>\n\t\t\t\t\t<\/div>\n\t\t\t\t<\/div>\n\t\t<div data-particle_enable=\"false\" data-particle-mobile-disabled=\"false\" class=\"elementor-element elementor-element-86cee66 e-flex e-con-boxed e-con e-parent\" data-id=\"86cee66\" data-element_type=\"container\" data-e-type=\"container\">\n\t\t\t\t\t<div class=\"e-con-inner\">\n\t\t\t\t<div class=\"elementor-element elementor-element-cd324c5 elementor-widget elementor-widget-menu-anchor\" data-id=\"cd324c5\" data-element_type=\"widget\" data-e-type=\"widget\" data-widget_type=\"menu-anchor.default\">\n\t\t\t\t\t\t\t<div class=\"elementor-menu-anchor\" id=\"dean\"><\/div>\n\t\t\t\t\t\t<\/div>\n\t\t\t\t\t<\/div>\n\t\t\t\t<\/div>\n\t\t<div data-particle_enable=\"false\" data-particle-mobile-disabled=\"false\" class=\"elementor-element elementor-element-6f3dd12 e-flex e-con-boxed e-con e-parent\" data-id=\"6f3dd12\" data-element_type=\"container\" data-e-type=\"container\">\n\t\t\t\t\t<div class=\"e-con-inner\">\n\t\t\t\t<div class=\"elementor-element elementor-element-e069abc elementor-widget elementor-widget-heading\" data-id=\"e069abc\" data-element_type=\"widget\" data-e-type=\"widget\" data-widget_type=\"heading.default\">\n\t\t\t\t\t<h4 class=\"elementor-heading-title elementor-size-default\">Reitor Internacional da Faculdade de Artes<\/h4>\t\t\t\t<\/div>\n\t\t\t\t\t<\/div>\n\t\t\t\t<\/div>\n\t\t<div data-particle_enable=\"false\" data-particle-mobile-disabled=\"false\" class=\"elementor-element elementor-element-035f148 e-flex e-con-boxed e-con e-parent\" data-id=\"035f148\" data-element_type=\"container\" data-e-type=\"container\">\n\t\t\t\t\t<div class=\"e-con-inner\">\n\t\t\t\t<div class=\"elementor-element elementor-element-0b5b656 elementor-cta--layout-image-left elementor-cta--skin-classic elementor-animated-content elementor-bg-transform elementor-bg-transform-zoom-in elementor-widget elementor-widget-call-to-action\" data-id=\"0b5b656\" data-element_type=\"widget\" data-e-type=\"widget\" data-widget_type=\"call-to-action.default\">\n\t\t\t\t\t\t\t<div class=\"elementor-cta\">\n\t\t\t\t\t<div class=\"elementor-cta__bg-wrapper\">\n\t\t\t\t<div class=\"elementor-cta__bg elementor-bg\" style=\"background-image: url(https:\/\/ywamarts.org\/wp-content\/uploads\/2025\/02\/Faby-1006x1024.jpg);\" role=\"img\" aria-label=\"Faby\"><\/div>\n\t\t\t\t<div class=\"elementor-cta__bg-overlay\"><\/div>\n\t\t\t<\/div>\n\t\t\t\t\t\t\t<div class=\"elementor-cta__content\">\n\t\t\t\t\n\t\t\t\t\t\t\t\t\t<h2 class=\"elementor-cta__title elementor-cta__content-item elementor-content-item\">\n\t\t\t\t\t\tFaby Ruesga\t\t\t\t\t<\/h2>\n\t\t\t\t\n\t\t\t\t\t\t\t\t\t<div class=\"elementor-cta__description elementor-cta__content-item elementor-content-item\">\n\t\t\t\t\t\tFaby Ruesga \u00e9 origin\u00e1ria da Cidade do M\u00e9xico e se juntou \u00e0 JOCUM em 1995, servindo nos EUA e no M\u00e9xico e mais tarde em Hong Kong, onde foi pioneira em um minist\u00e9rio de artes c\u00eanicas e uma base. Faby possui um Mestrado Executivo em Lideran\u00e7a Global pela UofN e um Mestrado em Gest\u00e3o de Eventos pela Le Cordon Bleu. Al\u00e9m de atuar como Reitora Internacional da Faculdade de Artes, ela faz parte da Equipe do Presidente da UofN.  <br><br><i>O reitor trabalha com uma equipe de pessoas de todos os continentes para dar suporte aos que est\u00e3o fazendo cursos na UofN sob a \u00e9gide da Faculdade de Artes e aos que desejam obter diplomas.<\/i>\t\t\t\t\t<\/div>\n\t\t\t\t\n\t\t\t\t\t\t\t<\/div>\n\t\t\t\t\t\t<\/div>\n\t\t\t\t\t\t<\/div>\n\t\t\t\t\t<\/div>\n\t\t\t\t<\/div>\n\t\t<div data-particle_enable=\"false\" data-particle-mobile-disabled=\"false\" class=\"elementor-element elementor-element-5f1d84f e-flex e-con-boxed e-con e-parent\" data-id=\"5f1d84f\" data-element_type=\"container\" data-e-type=\"container\" data-settings=\"{&quot;background_background&quot;:&quot;classic&quot;}\">\n\t\t\t\t\t<div class=\"e-con-inner\">\n\t\t\t\t\t<\/div>\n\t\t\t\t<\/div>\n\t\t<div data-particle_enable=\"false\" data-particle-mobile-disabled=\"false\" class=\"elementor-element elementor-element-1b7dfdc e-flex e-con-boxed e-con e-parent\" data-id=\"1b7dfdc\" data-element_type=\"container\" data-e-type=\"container\">\n\t\t\t\t\t<div class=\"e-con-inner\">\n\t\t\t\t<div class=\"elementor-element elementor-element-ff0cd6f elementor-widget elementor-widget-menu-anchor\" data-id=\"ff0cd6f\" data-element_type=\"widget\" data-e-type=\"widget\" data-widget_type=\"menu-anchor.default\">\n\t\t\t\t\t\t\t<div class=\"elementor-menu-anchor\" id=\"uofnarts\"><\/div>\n\t\t\t\t\t\t<\/div>\n\t\t\t\t<div class=\"elementor-element elementor-element-71530ea elementor-widget elementor-widget-text-editor\" data-id=\"71530ea\" data-element_type=\"widget\" data-e-type=\"widget\" data-widget_type=\"text-editor.default\">\n\t\t\t\t\t\t\t\t\t<h4><img decoding=\"async\" class=\"alignright wp-image-166\" src=\"https:\/\/ywamarts.org\/wp-content\/uploads\/2023\/01\/Artboard-1.svg\" alt=\"\" width=\"200\">Universidade das Na\u00e7\u00f5es<\/h4><p>A UofN \u00e9 \u00fanica em seu escopo de treinamento mission\u00e1rio internacional, com escolas em 160 na\u00e7\u00f5es e em 600 locais em 6 continentes. Fundada com base em princ\u00edpios b\u00edblicos, a University of the Nations (UofN) cumpre seu compromisso com Cristo e Sua Grande Comiss\u00e3o ao equipar homens e mulheres com treinamento espiritual, cultural, intelectual e profissional, inspirando-os a crescer continuamente em seu relacionamento pessoal com Deus e, ao mesmo tempo, buscando torn\u00e1-Lo conhecido entre todos os povos de todas as na\u00e7\u00f5es. <\/p><p>Para saber mais sobre a Universidade das Na\u00e7\u00f5es: <a href=\"https:\/\/uofn.edu\/about#general-information\">uofn.edu<\/a><\/p>\t\t\t\t\t\t\t\t<\/div>\n\t\t\t\t\t<\/div>\n\t\t\t\t<\/div>\n\t\t<div data-particle_enable=\"false\" data-particle-mobile-disabled=\"false\" class=\"elementor-element elementor-element-d97eb5f e-flex e-con-boxed e-con e-parent\" data-id=\"d97eb5f\" data-element_type=\"container\" data-e-type=\"container\">\n\t\t\t\t\t<div class=\"e-con-inner\">\n\t\t\t\t<div class=\"elementor-element elementor-element-c796595 elementor-widget elementor-widget-menu-anchor\" data-id=\"c796595\" data-element_type=\"widget\" data-e-type=\"widget\" data-widget_type=\"menu-anchor.default\">\n\t\t\t\t\t\t\t<div class=\"elementor-menu-anchor\" id=\"ywamarts\"><\/div>\n\t\t\t\t\t\t<\/div>\n\t\t\t\t<div class=\"elementor-element elementor-element-e649578 elementor-widget elementor-widget-text-editor\" data-id=\"e649578\" data-element_type=\"widget\" data-e-type=\"widget\" data-widget_type=\"text-editor.default\">\n\t\t\t\t\t\t\t\t\t<h4><img decoding=\"async\" class=\"alignleft wp-image-3926\" src=\"https:\/\/ywamarts.org\/wp-content\/uploads\/2024\/12\/YWAM-logo-black-300x239.png\" alt=\"\" width=\"223\" height=\"178\" srcset=\"https:\/\/ywamarts.org\/wp-content\/uploads\/2024\/12\/YWAM-logo-black-300x239.png 300w, https:\/\/ywamarts.org\/wp-content\/uploads\/2024\/12\/YWAM-logo-black-1024x817.png 1024w, https:\/\/ywamarts.org\/wp-content\/uploads\/2024\/12\/YWAM-logo-black-768x613.png 768w, https:\/\/ywamarts.org\/wp-content\/uploads\/2024\/12\/YWAM-logo-black-1536x1225.png 1536w, https:\/\/ywamarts.org\/wp-content\/uploads\/2024\/12\/YWAM-logo-black-2048x1634.png 2048w\" sizes=\"(max-width: 223px) 100vw, 223px\" \/>Jovens com uma miss\u00e3o<\/h4><p>A Universidade das Na\u00e7\u00f5es nasceu da Jovens Com Uma Miss\u00e3o (JOCUM), um movimento internacional altamente descentralizado de crist\u00e3os de muitas denomina\u00e7\u00f5es dedicados a apresentar a pessoa de Jesus Cristo a esta gera\u00e7\u00e3o e a treinar e equipar muitos crentes nesse esfor\u00e7o. Como cidad\u00e3os do reino de Deus, a equipe da JOCUM procura amar, adorar e obedecer ao seu Senhor, amar e servir ao Seu Corpo, a Igreja, e apresentar todo o evangelho para toda a pessoa em todo o mundo. <\/p><p>Para saber mais sobre o Jovens Com Uma Miss\u00e3o: <a href=\"https:\/\/ywam.org\/\">ywam.org<\/a><\/p>\t\t\t\t\t\t\t\t<\/div>\n\t\t\t\t\t<\/div>\n\t\t\t\t<\/div>\n\t\t<div data-particle_enable=\"false\" data-particle-mobile-disabled=\"false\" class=\"elementor-element elementor-element-1c381f2 e-flex e-con-boxed e-con e-parent\" data-id=\"1c381f2\" data-element_type=\"container\" data-e-type=\"container\">\n\t\t\t\t\t<div class=\"e-con-inner\">\n\t\t\t\t<div class=\"elementor-element elementor-element-5cff345 elementor-widget elementor-widget-heading\" data-id=\"5cff345\" data-element_type=\"widget\" data-e-type=\"widget\" data-widget_type=\"heading.default\">\n\t\t\t\t\t<h2 class=\"elementor-heading-title elementor-size-default\">Contato<\/h2>\t\t\t\t<\/div>\n\t\t\t\t\t<\/div>\n\t\t\t\t<\/div>\n\t\t<div data-particle_enable=\"false\" data-particle-mobile-disabled=\"false\" class=\"elementor-element elementor-element-d035c81 e-flex e-con-boxed e-con e-parent\" data-id=\"d035c81\" data-element_type=\"container\" data-e-type=\"container\">\n\t\t\t\t\t<div class=\"e-con-inner\">\n\t\t<div data-particle_enable=\"false\" data-particle-mobile-disabled=\"false\" class=\"elementor-element elementor-element-0b8fc99 e-con-full e-flex e-con e-child\" data-id=\"0b8fc99\" data-element_type=\"container\" data-e-type=\"container\">\n\t\t\t\t<div class=\"elementor-element elementor-element-575c3ca elementor-cta--layout-image-above elementor-cta--skin-classic elementor-animated-content elementor-bg-transform elementor-bg-transform-zoom-in elementor-widget elementor-widget-call-to-action\" data-id=\"575c3ca\" data-element_type=\"widget\" data-e-type=\"widget\" data-widget_type=\"call-to-action.default\">\n\t\t\t\t\t\t\t<div class=\"elementor-cta\">\n\t\t\t\t\t<div class=\"elementor-cta__bg-wrapper\">\n\t\t\t\t<div class=\"elementor-cta__bg elementor-bg\" style=\"background-image: url(https:\/\/ywamarts.org\/wp-content\/uploads\/2025\/12\/CoA-Logo-Color-white-space-768x768.jpg);\" role=\"img\" aria-label=\"Logotipo da CoA Cor do espa\u00e7o em branco\"><\/div>\n\t\t\t\t<div class=\"elementor-cta__bg-overlay\"><\/div>\n\t\t\t<\/div>\n\t\t\t\t\t\t\t<div class=\"elementor-cta__content\">\n\t\t\t\t\n\t\t\t\t\t\t\t\t\t<h2 class=\"elementor-cta__title elementor-cta__content-item elementor-content-item\">\n\t\t\t\t\t\tFaculdade de Artes\t\t\t\t\t<\/h2>\n\t\t\t\t\n\t\t\t\t\n\t\t\t\t\t\t\t\t\t<div class=\"elementor-cta__button-wrapper elementor-cta__content-item elementor-content-item \">\n\t\t\t\t\t<a class=\"elementor-cta__button elementor-button elementor-size-\" href=\"mailto:ats@uofn.edu\">\n\t\t\t\t\t\tContato\t\t\t\t\t<\/a>\n\t\t\t\t\t<\/div>\n\t\t\t\t\t\t\t<\/div>\n\t\t\t\t\t\t<\/div>\n\t\t\t\t\t\t<\/div>\n\t\t\t\t<\/div>\n\t\t<div data-particle_enable=\"false\" data-particle-mobile-disabled=\"false\" class=\"elementor-element elementor-element-c1c0e0e e-con-full e-flex e-con e-child\" data-id=\"c1c0e0e\" data-element_type=\"container\" data-e-type=\"container\">\n\t\t\t\t<div class=\"elementor-element elementor-element-6511292 elementor-cta--layout-image-above elementor-cta--skin-classic elementor-animated-content elementor-bg-transform elementor-bg-transform-zoom-in elementor-widget elementor-widget-call-to-action\" data-id=\"6511292\" data-element_type=\"widget\" data-e-type=\"widget\" data-widget_type=\"call-to-action.default\">\n\t\t\t\t\t\t\t<div class=\"elementor-cta\">\n\t\t\t\t\t<div class=\"elementor-cta__bg-wrapper\">\n\t\t\t\t<div class=\"elementor-cta__bg elementor-bg\" style=\"background-image: url(https:\/\/ywamarts.org\/wp-content\/uploads\/2026\/01\/sam_contact_bw-768x1024.png);\" role=\"img\" aria-label=\"sam_contato_bw\"><\/div>\n\t\t\t\t<div class=\"elementor-cta__bg-overlay\"><\/div>\n\t\t\t<\/div>\n\t\t\t\t\t\t\t<div class=\"elementor-cta__content\">\n\t\t\t\t\n\t\t\t\t\t\t\t\t\t<h2 class=\"elementor-cta__title elementor-cta__content-item elementor-content-item\">\n\t\t\t\t\t\tSamuel Biggs\t\t\t\t\t<\/h2>\n\t\t\t\t\n\t\t\t\t\t\t\t\t\t<div class=\"elementor-cta__description elementor-cta__content-item elementor-content-item\">\n\t\t\t\t\t\tCoordenador de diplomas\t\t\t\t\t<\/div>\n\t\t\t\t\n\t\t\t\t\t\t\t\t\t<div class=\"elementor-cta__button-wrapper elementor-cta__content-item elementor-content-item \">\n\t\t\t\t\t<a class=\"elementor-cta__button elementor-button elementor-size-\" href=\"mailto:samuel.biggs@uofn.edu\">\n\t\t\t\t\t\tContato\t\t\t\t\t<\/a>\n\t\t\t\t\t<\/div>\n\t\t\t\t\t\t\t<\/div>\n\t\t\t\t\t\t<\/div>\n\t\t\t\t\t\t<\/div>\n\t\t\t\t<\/div>\n\t\t<div data-particle_enable=\"false\" data-particle-mobile-disabled=\"false\" class=\"elementor-element elementor-element-5760f51 e-con-full e-flex e-con e-child\" data-id=\"5760f51\" data-element_type=\"container\" data-e-type=\"container\">\n\t\t\t\t<div class=\"elementor-element elementor-element-9a00d90 elementor-cta--layout-image-above elementor-cta--skin-classic elementor-animated-content elementor-bg-transform elementor-bg-transform-zoom-in elementor-widget elementor-widget-call-to-action\" data-id=\"9a00d90\" data-element_type=\"widget\" data-e-type=\"widget\" data-widget_type=\"call-to-action.default\">\n\t\t\t\t\t\t\t<div class=\"elementor-cta\">\n\t\t\t\t\t<div class=\"elementor-cta__bg-wrapper\">\n\t\t\t\t<div class=\"elementor-cta__bg elementor-bg\" style=\"background-image: url(https:\/\/ywamarts.org\/wp-content\/uploads\/2025\/03\/Stephanie_BW-819x1024.jpg);\" role=\"img\" aria-label=\"Stephanie_B&amp;W\"><\/div>\n\t\t\t\t<div class=\"elementor-cta__bg-overlay\"><\/div>\n\t\t\t<\/div>\n\t\t\t\t\t\t\t<div class=\"elementor-cta__content\">\n\t\t\t\t\n\t\t\t\t\t\t\t\t\t<h2 class=\"elementor-cta__title elementor-cta__content-item elementor-content-item\">\n\t\t\t\t\t\tStephanie Ng\t\t\t\t\t<\/h2>\n\t\t\t\t\n\t\t\t\t\t\t\t\t\t<div class=\"elementor-cta__description elementor-cta__content-item elementor-content-item\">\n\t\t\t\t\t\tAdministrador\t\t\t\t\t<\/div>\n\t\t\t\t\n\t\t\t\t\t\t\t\t\t<div class=\"elementor-cta__button-wrapper elementor-cta__content-item elementor-content-item \">\n\t\t\t\t\t<a class=\"elementor-cta__button elementor-button elementor-size-\" href=\"mailto:stephanie.ng@uofn.edu\">\n\t\t\t\t\t\tContato\t\t\t\t\t<\/a>\n\t\t\t\t\t<\/div>\n\t\t\t\t\t\t\t<\/div>\n\t\t\t\t\t\t<\/div>\n\t\t\t\t\t\t<\/div>\n\t\t\t\t<\/div>\n\t\t\t\t\t<\/div>\n\t\t\t\t<\/div>\n\t\t<div data-particle_enable=\"false\" data-particle-mobile-disabled=\"false\" class=\"elementor-element elementor-element-0b942da e-flex e-con-boxed e-con e-parent\" data-id=\"0b942da\" data-element_type=\"container\" data-e-type=\"container\">\n\t\t\t\t\t<div class=\"e-con-inner\">\n\t\t\t\t\t<\/div>\n\t\t\t\t<\/div>\n\t\t\t\t<\/div>\n\t\t","protected":false},"excerpt":{"rendered":"<p>Bem-vindo \u00e0 Faculdade de Artes, onde a criatividade e o prop\u00f3sito se unem em um ambiente acad\u00eamico orientado pela miss\u00e3o. Como parte integrante da Jovens Com Uma Miss\u00e3o (JOCUM), combinamos excel\u00eancia art\u00edstica com um profundo compromisso de &#8220;Conhecer Deus e torn\u00e1-lo conhecido&#8221; em todo o mundo. <\/p>\n","protected":false},"author":3,"featured_media":10638,"parent":0,"menu_order":10,"comment_status":"closed","ping_status":"closed","template":"","meta":{"footnotes":""},"categories":[],"tags":[],"class_list":["post-10635","page","type-page","status-publish","has-post-thumbnail","hentry"],"jetpack_sharing_enabled":true,"_links":{"self":[{"href":"https:\/\/ywamarts.org\/pt-br\/wp-json\/wp\/v2\/pages\/10635","targetHints":{"allow":["GET"]}}],"collection":[{"href":"https:\/\/ywamarts.org\/pt-br\/wp-json\/wp\/v2\/pages"}],"about":[{"href":"https:\/\/ywamarts.org\/pt-br\/wp-json\/wp\/v2\/types\/page"}],"author":[{"embeddable":true,"href":"https:\/\/ywamarts.org\/pt-br\/wp-json\/wp\/v2\/users\/3"}],"replies":[{"embeddable":true,"href":"https:\/\/ywamarts.org\/pt-br\/wp-json\/wp\/v2\/comments?post=10635"}],"version-history":[{"count":7,"href":"https:\/\/ywamarts.org\/pt-br\/wp-json\/wp\/v2\/pages\/10635\/revisions"}],"predecessor-version":[{"id":12809,"href":"https:\/\/ywamarts.org\/pt-br\/wp-json\/wp\/v2\/pages\/10635\/revisions\/12809"}],"wp:featuredmedia":[{"embeddable":true,"href":"https:\/\/ywamarts.org\/pt-br\/wp-json\/wp\/v2\/media\/10638"}],"wp:attachment":[{"href":"https:\/\/ywamarts.org\/pt-br\/wp-json\/wp\/v2\/media?parent=10635"}],"wp:term":[{"taxonomy":"category","embeddable":true,"href":"https:\/\/ywamarts.org\/pt-br\/wp-json\/wp\/v2\/categories?post=10635"},{"taxonomy":"post_tag","embeddable":true,"href":"https:\/\/ywamarts.org\/pt-br\/wp-json\/wp\/v2\/tags?post=10635"}],"curies":[{"name":"wp","href":"https:\/\/api.w.org\/{rel}","templated":true}]}}