{"id":9609,"date":"2023-03-01T11:43:12","date_gmt":"2023-03-01T11:43:12","guid":{"rendered":"https:\/\/ywamarts.org\/mexique-amerique-centrale-et-caraibes\/"},"modified":"2026-01-18T16:43:11","modified_gmt":"2026-01-18T16:43:11","slug":"mexique-amerique-centrale-et-caraibes","status":"publish","type":"page","link":"https:\/\/ywamarts.org\/fr\/regions\/mexique-amerique-centrale-et-caraibes\/","title":{"rendered":"Mexique, Am\u00e9rique centrale et Cara\u00efbes"},"content":{"rendered":"\t\t<div data-elementor-type=\"wp-page\" data-elementor-id=\"9609\" class=\"elementor elementor-9609 elementor-355\" data-elementor-post-type=\"page\">\n\t\t\t\t<div data-particle_enable=\"false\" data-particle-mobile-disabled=\"false\" class=\"elementor-element elementor-element-3e866fde e-flex e-con-boxed e-con e-parent\" data-id=\"3e866fde\" data-element_type=\"container\" data-e-type=\"container\" data-settings=\"{&quot;background_background&quot;:&quot;classic&quot;}\">\n\t\t\t\t\t<div class=\"e-con-inner\">\n\t\t\t\t<div class=\"elementor-element elementor-element-3e63d49a elementor-widget elementor-widget-heading\" data-id=\"3e63d49a\" data-element_type=\"widget\" data-e-type=\"widget\" data-widget_type=\"heading.default\">\n\t\t\t\t\t<h2 class=\"elementor-heading-title elementor-size-default\">Mexique, Am\u00e9rique centrale et Cara\u00efbes<\/h2>\t\t\t\t<\/div>\n\t\t\t\t\t<\/div>\n\t\t\t\t<\/div>\n\t\t<div data-particle_enable=\"false\" data-particle-mobile-disabled=\"false\" class=\"elementor-element elementor-element-26b0457 e-flex e-con-boxed e-con e-parent\" data-id=\"26b0457\" data-element_type=\"container\" data-e-type=\"container\">\n\t\t\t\t\t<div class=\"e-con-inner\">\n\t\t\t\t<div class=\"elementor-element elementor-element-04315a6 elementor-nav-menu__align-center elementor-nav-menu--dropdown-tablet elementor-nav-menu__text-align-aside elementor-nav-menu--toggle elementor-nav-menu--burger elementor-widget elementor-widget-global elementor-global-9294 elementor-global-4448 elementor-widget-nav-menu\" data-id=\"04315a6\" data-element_type=\"widget\" data-e-type=\"widget\" data-settings=\"{&quot;layout&quot;:&quot;horizontal&quot;,&quot;submenu_icon&quot;:{&quot;value&quot;:&quot;fas fa-caret-down&quot;,&quot;library&quot;:&quot;fa-solid&quot;},&quot;toggle&quot;:&quot;burger&quot;}\" data-widget_type=\"nav-menu.default\">\n\t\t\t\t\t\t\t\t<nav aria-label=\"Menu\" class=\"elementor-nav-menu--main elementor-nav-menu__container elementor-nav-menu--layout-horizontal e--pointer-none\">\n\t\t\t\t<ul id=\"menu-1-04315a6\" class=\"elementor-nav-menu\"><li class=\"menu-item menu-item-type-post_type menu-item-object-page menu-item-2860\"><a href=\"https:\/\/ywamarts.org\/regions\/africa\/\" class=\"elementor-item\">Afrique<\/a><\/li>\n<li class=\"menu-item menu-item-type-post_type menu-item-object-page menu-item-2707\"><a href=\"https:\/\/ywamarts.org\/regions\/asia-pacific\/\" class=\"elementor-item\">Asie et Pacifique<\/a><\/li>\n<li class=\"menu-item menu-item-type-post_type menu-item-object-page menu-item-2859\"><a href=\"https:\/\/ywamarts.org\/regions\/brazil\/\" class=\"elementor-item\">Br\u00e9sil<\/a><\/li>\n<li class=\"menu-item menu-item-type-post_type menu-item-object-page menu-item-2708\"><a href=\"https:\/\/ywamarts.org\/regions\/europe\/\" class=\"elementor-item\">L&rsquo;Europe<\/a><\/li>\n<li class=\"menu-item menu-item-type-post_type menu-item-object-page menu-item-2712\"><a href=\"https:\/\/ywamarts.org\/regions\/mexico-central-america-caribbean\/\" class=\"elementor-item\">Mexique, Am\u00e9rique centrale et Cara\u00efbes<\/a><\/li>\n<li class=\"menu-item menu-item-type-post_type menu-item-object-page menu-item-2710\"><a href=\"https:\/\/ywamarts.org\/regions\/north-america\/\" class=\"elementor-item\">Am\u00e9rique du Nord<\/a><\/li>\n<li class=\"menu-item menu-item-type-post_type menu-item-object-page menu-item-2711\"><a href=\"https:\/\/ywamarts.org\/regions\/south-americas\/\" class=\"elementor-item\">Am\u00e9rique du Sud<\/a><\/li>\n<\/ul>\t\t\t<\/nav>\n\t\t\t\t\t<div class=\"elementor-menu-toggle\" role=\"button\" tabindex=\"0\" aria-label=\"Permuter le menu\" aria-expanded=\"false\">\n\t\t\t<svg aria-hidden=\"true\" role=\"presentation\" class=\"elementor-menu-toggle__icon--open e-font-icon-svg e-fas-bars\" viewBox=\"0 0 448 512\" xmlns=\"http:\/\/www.w3.org\/2000\/svg\"><path d=\"M16 132h416c8.837 0 16-7.163 16-16V76c0-8.837-7.163-16-16-16H16C7.163 60 0 67.163 0 76v40c0 8.837 7.163 16 16 16zm0 160h416c8.837 0 16-7.163 16-16v-40c0-8.837-7.163-16-16-16H16c-8.837 0-16 7.163-16 16v40c0 8.837 7.163 16 16 16zm0 160h416c8.837 0 16-7.163 16-16v-40c0-8.837-7.163-16-16-16H16c-8.837 0-16 7.163-16 16v40c0 8.837 7.163 16 16 16z\"><\/path><\/svg><svg aria-hidden=\"true\" role=\"presentation\" class=\"elementor-menu-toggle__icon--close e-font-icon-svg e-eicon-close\" viewBox=\"0 0 1000 1000\" xmlns=\"http:\/\/www.w3.org\/2000\/svg\"><path d=\"M742 167L500 408 258 167C246 154 233 150 217 150 196 150 179 158 167 167 154 179 150 196 150 212 150 229 154 242 171 254L408 500 167 742C138 771 138 800 167 829 196 858 225 858 254 829L496 587 738 829C750 842 767 846 783 846 800 846 817 842 829 829 842 817 846 804 846 783 846 767 842 750 829 737L588 500 833 258C863 229 863 200 833 171 804 137 775 137 742 167Z\"><\/path><\/svg>\t\t<\/div>\n\t\t\t\t\t<nav class=\"elementor-nav-menu--dropdown elementor-nav-menu__container\" aria-hidden=\"true\">\n\t\t\t\t<ul id=\"menu-2-04315a6\" class=\"elementor-nav-menu\"><li class=\"menu-item menu-item-type-post_type menu-item-object-page menu-item-2860\"><a href=\"https:\/\/ywamarts.org\/regions\/africa\/\" class=\"elementor-item\" tabindex=\"-1\">Afrique<\/a><\/li>\n<li class=\"menu-item menu-item-type-post_type menu-item-object-page menu-item-2707\"><a href=\"https:\/\/ywamarts.org\/regions\/asia-pacific\/\" class=\"elementor-item\" tabindex=\"-1\">Asie et Pacifique<\/a><\/li>\n<li class=\"menu-item menu-item-type-post_type menu-item-object-page menu-item-2859\"><a href=\"https:\/\/ywamarts.org\/regions\/brazil\/\" class=\"elementor-item\" tabindex=\"-1\">Br\u00e9sil<\/a><\/li>\n<li class=\"menu-item menu-item-type-post_type menu-item-object-page menu-item-2708\"><a href=\"https:\/\/ywamarts.org\/regions\/europe\/\" class=\"elementor-item\" tabindex=\"-1\">L&rsquo;Europe<\/a><\/li>\n<li class=\"menu-item menu-item-type-post_type menu-item-object-page menu-item-2712\"><a href=\"https:\/\/ywamarts.org\/regions\/mexico-central-america-caribbean\/\" class=\"elementor-item\" tabindex=\"-1\">Mexique, Am\u00e9rique centrale et Cara\u00efbes<\/a><\/li>\n<li class=\"menu-item menu-item-type-post_type menu-item-object-page menu-item-2710\"><a href=\"https:\/\/ywamarts.org\/regions\/north-america\/\" class=\"elementor-item\" tabindex=\"-1\">Am\u00e9rique du Nord<\/a><\/li>\n<li class=\"menu-item menu-item-type-post_type menu-item-object-page menu-item-2711\"><a href=\"https:\/\/ywamarts.org\/regions\/south-americas\/\" class=\"elementor-item\" tabindex=\"-1\">Am\u00e9rique du Sud<\/a><\/li>\n<\/ul>\t\t\t<\/nav>\n\t\t\t\t\t\t<\/div>\n\t\t\t\t\t<\/div>\n\t\t\t\t<\/div>\n\t\t<div data-particle_enable=\"false\" data-particle-mobile-disabled=\"false\" class=\"elementor-element elementor-element-7393a40e e-flex e-con-boxed e-con e-parent\" data-id=\"7393a40e\" data-element_type=\"container\" data-e-type=\"container\">\n\t\t\t\t\t<div class=\"e-con-inner\">\n\t\t\t\t<div class=\"elementor-element elementor-element-28c37583 elementor-widget elementor-widget-heading\" data-id=\"28c37583\" data-element_type=\"widget\" data-e-type=\"widget\" data-widget_type=\"heading.default\">\n\t\t\t\t\t<h2 class=\"elementor-heading-title elementor-size-default\">Se former<\/h2>\t\t\t\t<\/div>\n\t\t\t\t\t<\/div>\n\t\t\t\t<\/div>\n\t\t<div data-particle_enable=\"false\" data-particle-mobile-disabled=\"false\" class=\"elementor-element elementor-element-7dfd0af9 e-flex e-con-boxed e-con e-parent\" data-id=\"7dfd0af9\" data-element_type=\"container\" data-e-type=\"container\">\n\t\t\t\t\t<div class=\"e-con-inner\">\n\t\t\t\t\t<\/div>\n\t\t\t\t<\/div>\n\t\t<div data-particle_enable=\"false\" data-particle-mobile-disabled=\"false\" class=\"elementor-element elementor-element-3746da21 e-flex e-con-boxed e-con e-parent\" data-id=\"3746da21\" data-element_type=\"container\" data-e-type=\"container\">\n\t\t\t\t\t<div class=\"e-con-inner\">\n\t\t\t\t<div class=\"elementor-element elementor-element-2609bdc5 elementor-widget-divider--view-line elementor-widget elementor-widget-divider\" data-id=\"2609bdc5\" data-element_type=\"widget\" data-e-type=\"widget\" data-widget_type=\"divider.default\">\n\t\t\t\t\t\t\t<div class=\"elementor-divider\">\n\t\t\t<span class=\"elementor-divider-separator\">\n\t\t\t\t\t\t<\/span>\n\t\t<\/div>\n\t\t\t\t\t\t<\/div>\n\t\t\t\t\t<\/div>\n\t\t\t\t<\/div>\n\t\t<div data-particle_enable=\"false\" data-particle-mobile-disabled=\"false\" class=\"elementor-element elementor-element-7a2137ea e-flex e-con-boxed e-con e-parent\" data-id=\"7a2137ea\" data-element_type=\"container\" data-e-type=\"container\">\n\t\t\t\t\t<div class=\"e-con-inner\">\n\t\t\t\t<div class=\"elementor-element elementor-element-71b8ac2c elementor-widget elementor-widget-heading\" data-id=\"71b8ac2c\" data-element_type=\"widget\" data-e-type=\"widget\" data-widget_type=\"heading.default\">\n\t\t\t\t\t<h2 class=\"elementor-heading-title elementor-size-default\">Connectez-vous<\/h2>\t\t\t\t<\/div>\n\t\t\t\t<div class=\"elementor-element elementor-element-e401a3c elementor-widget elementor-widget-heading\" data-id=\"e401a3c\" data-element_type=\"widget\" data-e-type=\"widget\" data-widget_type=\"heading.default\">\n\t\t\t\t\t<h6 class=\"elementor-heading-title elementor-size-default\">D\u00e9couvrez les collectifs artistiques de la r\u00e9gion<\/h6>\t\t\t\t<\/div>\n\t\t\t\t\t<\/div>\n\t\t\t\t<\/div>\n\t\t<div data-particle_enable=\"false\" data-particle-mobile-disabled=\"false\" class=\"elementor-element elementor-element-70d039f3 e-flex e-con-boxed e-con e-parent\" data-id=\"70d039f3\" data-element_type=\"container\" data-e-type=\"container\">\n\t\t\t\t\t<div class=\"e-con-inner\">\n\t\t\t\t<div class=\"elementor-element elementor-element-65fa07b7 elementor-grid-3 elementor-grid-tablet-2 elementor-grid-mobile-1 elementor-widget elementor-widget-loop-grid\" data-id=\"65fa07b7\" data-element_type=\"widget\" data-e-type=\"widget\" data-settings=\"{&quot;template_id&quot;:9750,&quot;_skin&quot;:&quot;post&quot;,&quot;columns&quot;:&quot;3&quot;,&quot;columns_tablet&quot;:&quot;2&quot;,&quot;columns_mobile&quot;:&quot;1&quot;,&quot;edit_handle_selector&quot;:&quot;[data-elementor-type=\\&quot;loop-item\\&quot;]&quot;,&quot;row_gap&quot;:{&quot;unit&quot;:&quot;px&quot;,&quot;size&quot;:&quot;&quot;,&quot;sizes&quot;:[]},&quot;row_gap_tablet&quot;:{&quot;unit&quot;:&quot;px&quot;,&quot;size&quot;:&quot;&quot;,&quot;sizes&quot;:[]},&quot;row_gap_mobile&quot;:{&quot;unit&quot;:&quot;px&quot;,&quot;size&quot;:&quot;&quot;,&quot;sizes&quot;:[]}}\" data-widget_type=\"loop-grid.post\">\n\t\t\t\t<div class=\"elementor-widget-container\">\n\t\t\t\t\t\t\t<div class=\"elementor-loop-container elementor-grid\" role=\"list\">\n\t\t<style id=\"loop-9750\">.elementor-9750 .elementor-element.elementor-element-b1aa1d4{--display:flex;}.elementor-9750 .elementor-element.elementor-element-3bc03e9 .elementor-heading-title{font-family:var( --e-global-typography-secondary-font-family ), Sans-serif;font-size:var( --e-global-typography-secondary-font-size );font-weight:var( --e-global-typography-secondary-font-weight );text-transform:var( --e-global-typography-secondary-text-transform );color:#000000;}.elementor-9750 .elementor-element.elementor-element-61a182f .elementor-button{fill:#000000;color:#000000;background-color:#61CE7000;padding:0px 0px 0px 0px;}@media(max-width:1024px){.elementor-9750 .elementor-element.elementor-element-3bc03e9 .elementor-heading-title{font-size:var( --e-global-typography-secondary-font-size );}}@media(max-width:767px){.elementor-9750 .elementor-element.elementor-element-3bc03e9 .elementor-heading-title{font-size:var( --e-global-typography-secondary-font-size );}}<\/style>\t\t<div data-elementor-type=\"loop-item\" data-elementor-id=\"9750\" class=\"elementor elementor-9750 elementor-2833 elementor-2833 e-loop-item e-loop-item-9519 post-9519 page type-page status-publish has-post-thumbnail hentry category-caraibes category-mexique-amerique-centrale-et-caraibes\" data-elementor-post-type=\"elementor_library\" data-custom-edit-handle=\"1\">\n\t\t\t<div data-particle_enable=\"false\" data-particle-mobile-disabled=\"false\" class=\"elementor-element elementor-element-b1aa1d4 e-flex e-con-boxed e-con e-parent\" data-id=\"b1aa1d4\" data-element_type=\"container\" data-e-type=\"container\">\n\t\t\t\t\t<div class=\"e-con-inner\">\n\t\t\t\t<div class=\"elementor-element elementor-element-b093528 elementor-widget elementor-widget-image\" data-id=\"b093528\" data-element_type=\"widget\" data-e-type=\"widget\" data-widget_type=\"image.default\">\n\t\t\t\t\t\t\t\t\t\t\t\t\t\t\t\t<a href=\"https:\/\/ywamarts.org\/fr\/collectifs\/escuadron-dc-escouade-du-christ\/\">\n\t\t\t\t\t\t\t<img decoding=\"async\" src=\"https:\/\/ywamarts.org\/wp-content\/uploads\/elementor\/thumbs\/jucum9-qcqytqpsw0j5tuwy8h22jxtyq6pa1o7jvfuecj4n94.jpg\" title=\"jucum9\" alt=\"jucum9\" loading=\"lazy\" \/>\t\t\t\t\t\t\t\t<\/a>\n\t\t\t\t\t\t\t\t\t\t\t\t\t\t\t<\/div>\n\t\t\t\t<div class=\"elementor-element elementor-element-3bc03e9 elementor-widget elementor-widget-heading\" data-id=\"3bc03e9\" data-element_type=\"widget\" data-e-type=\"widget\" data-widget_type=\"heading.default\">\n\t\t\t\t\t<h2 class=\"elementor-heading-title elementor-size-default\"><a href=\"https:\/\/ywamarts.org\/fr\/collectifs\/escuadron-dc-escouade-du-christ\/\">Escuadron DC (Escouade du Christ)<\/a><\/h2>\t\t\t\t<\/div>\n\t\t\t\t<div class=\"elementor-element elementor-element-41d8454 elementor-widget elementor-widget-theme-post-excerpt\" data-id=\"41d8454\" data-element_type=\"widget\" data-e-type=\"widget\" data-widget_type=\"theme-post-excerpt.default\">\n\t\t\t\t\tDieu nous a appel\u00e9s \u00e0 racheter les arts. Nous sommes pionniers depuis 2011 dans la r\u00e9alisation d'\u00e9v\u00e9nements chr\u00e9tiens, dans les meilleurs et les plus importants th\u00e9\u00e2tres non-chr\u00e9tiens du pays ;\t\t\t\t<\/div>\n\t\t\t\t<div class=\"elementor-element elementor-element-61a182f elementor-widget elementor-widget-button\" data-id=\"61a182f\" data-element_type=\"widget\" data-e-type=\"widget\" data-widget_type=\"button.default\">\n\t\t\t\t\t\t\t\t\t\t<a class=\"elementor-button elementor-button-link elementor-size-sm\" href=\"https:\/\/ywamarts.org\/fr\/collectifs\/escuadron-dc-escouade-du-christ\/\">\n\t\t\t\t\t\t<span class=\"elementor-button-content-wrapper\">\n\t\t\t\t\t\t\t\t\t<span class=\"elementor-button-text\">Plus d'informations ...<\/span>\n\t\t\t\t\t<\/span>\n\t\t\t\t\t<\/a>\n\t\t\t\t\t\t\t\t<\/div>\n\t\t\t\t\t<\/div>\n\t\t\t\t<\/div>\n\t\t\t\t<\/div>\n\t\t\t\t<\/div>\n\t\t\n\t\t\t\t\t\t<\/div>\n\t\t\t\t<\/div>\n\t\t\t\t\t<\/div>\n\t\t\t\t<\/div>\n\t\t<div data-particle_enable=\"false\" data-particle-mobile-disabled=\"false\" class=\"elementor-element elementor-element-59d736c9 e-flex e-con-boxed e-con e-parent\" data-id=\"59d736c9\" data-element_type=\"container\" data-e-type=\"container\">\n\t\t\t\t\t<div class=\"e-con-inner\">\n\t\t\t\t<div class=\"elementor-element elementor-element-76a4e640 elementor-widget-divider--view-line elementor-widget elementor-widget-divider\" data-id=\"76a4e640\" data-element_type=\"widget\" data-e-type=\"widget\" data-widget_type=\"divider.default\">\n\t\t\t\t\t\t\t<div class=\"elementor-divider\">\n\t\t\t<span class=\"elementor-divider-separator\">\n\t\t\t\t\t\t<\/span>\n\t\t<\/div>\n\t\t\t\t\t\t<\/div>\n\t\t\t\t\t<\/div>\n\t\t\t\t<\/div>\n\t\t<div data-particle_enable=\"false\" data-particle-mobile-disabled=\"false\" class=\"elementor-element elementor-element-56a6c635 e-flex e-con-boxed e-con e-parent\" data-id=\"56a6c635\" data-element_type=\"container\" data-e-type=\"container\">\n\t\t\t\t\t<div class=\"e-con-inner\">\n\t\t<div data-particle_enable=\"false\" data-particle-mobile-disabled=\"false\" class=\"elementor-element elementor-element-4bca180d e-con-full e-flex e-con e-child\" data-id=\"4bca180d\" data-element_type=\"container\" data-e-type=\"container\">\n\t\t\t\t<div class=\"elementor-element elementor-element-6088b469 elementor-widget__width-initial elementor-widget elementor-widget-heading\" data-id=\"6088b469\" data-element_type=\"widget\" data-e-type=\"widget\" data-widget_type=\"heading.default\">\n\t\t\t\t\t<h2 class=\"elementor-heading-title elementor-size-default\">Prenez contact avec nous<\/h2>\t\t\t\t<\/div>\n\t\t\t\t<div class=\"elementor-element elementor-element-dce0466 elementor-widget elementor-widget-heading\" data-id=\"dce0466\" data-element_type=\"widget\" data-e-type=\"widget\" data-widget_type=\"heading.default\">\n\t\t\t\t\t<h6 class=\"elementor-heading-title elementor-size-default\">Contactez l'un de nos coordinateurs r\u00e9gionaux<\/h6>\t\t\t\t<\/div>\n\t\t\t\t<\/div>\n\t\t\t\t\t<\/div>\n\t\t\t\t<\/div>\n\t\t<div data-particle_enable=\"false\" data-particle-mobile-disabled=\"false\" class=\"elementor-element elementor-element-b986fbb e-flex e-con-boxed e-con e-parent\" data-id=\"b986fbb\" data-element_type=\"container\" data-e-type=\"container\">\n\t\t\t\t\t<div class=\"e-con-inner\">\n\t\t<div data-particle_enable=\"false\" data-particle-mobile-disabled=\"false\" class=\"elementor-element elementor-element-2e46f7b8 e-con-full e-flex e-con e-child\" data-id=\"2e46f7b8\" data-element_type=\"container\" data-e-type=\"container\" data-settings=\"{&quot;background_background&quot;:&quot;classic&quot;}\">\n\t\t\t\t<\/div>\n\t\t<div data-particle_enable=\"false\" data-particle-mobile-disabled=\"false\" class=\"elementor-element elementor-element-8ea1270 e-con-full e-flex e-con e-child\" data-id=\"8ea1270\" data-element_type=\"container\" data-e-type=\"container\">\n\t\t\t\t<div class=\"elementor-element elementor-element-7fb209d0 elementor-widget elementor-widget-heading\" data-id=\"7fb209d0\" data-element_type=\"widget\" data-e-type=\"widget\" data-widget_type=\"heading.default\">\n\t\t\t\t\t<h2 class=\"elementor-heading-title elementor-size-default\">Coordinateur du r\u00e9seau pour le Mexique et l'Am\u00e9rique centrale<\/h2>\t\t\t\t<\/div>\n\t\t\t\t<div class=\"elementor-element elementor-element-3fe99cb elementor-widget elementor-widget-heading\" data-id=\"3fe99cb\" data-element_type=\"widget\" data-e-type=\"widget\" data-widget_type=\"heading.default\">\n\t\t\t\t\t<h2 class=\"elementor-heading-title elementor-size-default\">Meghan Dineen<\/h2>\t\t\t\t<\/div>\n\t\t\t\t<div class=\"elementor-element elementor-element-4fcd213 elementor-widget elementor-widget-heading\" data-id=\"4fcd213\" data-element_type=\"widget\" data-e-type=\"widget\" data-widget_type=\"heading.default\">\n\t\t\t\t\t<h2 class=\"elementor-heading-title elementor-size-default\">meghan@ywammazatlan.com<\/h2>\t\t\t\t<\/div>\n\t\t\t\t<\/div>\n\t\t\t\t<div class=\"elementor-element elementor-element-85fab6e elementor-widget-divider--view-line elementor-widget elementor-widget-divider\" data-id=\"85fab6e\" data-element_type=\"widget\" data-e-type=\"widget\" data-widget_type=\"divider.default\">\n\t\t\t\t\t\t\t<div class=\"elementor-divider\">\n\t\t\t<span class=\"elementor-divider-separator\">\n\t\t\t\t\t\t<\/span>\n\t\t<\/div>\n\t\t\t\t\t\t<\/div>\n\t\t<div data-particle_enable=\"false\" data-particle-mobile-disabled=\"false\" class=\"elementor-element elementor-element-9ccd9df e-con-full e-flex e-con e-child\" data-id=\"9ccd9df\" data-element_type=\"container\" data-e-type=\"container\" data-settings=\"{&quot;background_background&quot;:&quot;classic&quot;}\">\n\t\t\t\t<\/div>\n\t\t<div data-particle_enable=\"false\" data-particle-mobile-disabled=\"false\" class=\"elementor-element elementor-element-4172d431 e-con-full e-flex e-con e-child\" data-id=\"4172d431\" data-element_type=\"container\" data-e-type=\"container\" data-settings=\"{&quot;background_background&quot;:&quot;classic&quot;}\">\n\t\t<div data-particle_enable=\"false\" data-particle-mobile-disabled=\"false\" class=\"elementor-element elementor-element-4c956d4 e-con-full e-flex e-con e-child\" data-id=\"4c956d4\" data-element_type=\"container\" data-e-type=\"container\">\n\t\t\t\t<div class=\"elementor-element elementor-element-54aa9ce elementor-widget elementor-widget-heading\" data-id=\"54aa9ce\" data-element_type=\"widget\" data-e-type=\"widget\" data-widget_type=\"heading.default\">\n\t\t\t\t\t<h2 class=\"elementor-heading-title elementor-size-default\">Coordinateur du r\u00e9seau des Cara\u00efbes<\/h2>\t\t\t\t<\/div>\n\t\t\t\t<div class=\"elementor-element elementor-element-ab533fb elementor-widget elementor-widget-heading\" data-id=\"ab533fb\" data-element_type=\"widget\" data-e-type=\"widget\" data-widget_type=\"heading.default\">\n\t\t\t\t\t<h2 class=\"elementor-heading-title elementor-size-default\">Omayra \u00c1lvarez<\/h2>\t\t\t\t<\/div>\n\t\t\t\t<div class=\"elementor-element elementor-element-cdc0e58 elementor-widget elementor-widget-heading\" data-id=\"cdc0e58\" data-element_type=\"widget\" data-e-type=\"widget\" data-widget_type=\"heading.default\">\n\t\t\t\t\t<h2 class=\"elementor-heading-title elementor-size-default\">directorajucumsd@gmail.com<\/h2>\t\t\t\t<\/div>\n\t\t\t\t<\/div>\n\t\t\t\t<\/div>\n\t\t\t\t<div class=\"elementor-element elementor-element-51c207b0 elementor-widget-divider--view-line elementor-widget elementor-widget-divider\" data-id=\"51c207b0\" data-element_type=\"widget\" data-e-type=\"widget\" data-widget_type=\"divider.default\">\n\t\t\t\t\t\t\t<div class=\"elementor-divider\">\n\t\t\t<span class=\"elementor-divider-separator\">\n\t\t\t\t\t\t<\/span>\n\t\t<\/div>\n\t\t\t\t\t\t<\/div>\n\t\t\t\t<div class=\"elementor-element elementor-element-f2eafaf elementor-widget__width-initial elementor-widget elementor-widget-image\" data-id=\"f2eafaf\" data-element_type=\"widget\" data-e-type=\"widget\" data-widget_type=\"image.default\">\n\t\t\t\t\t\t\t\t\t\t\t\t\t\t\t<img fetchpriority=\"high\" decoding=\"async\" width=\"800\" height=\"458\" src=\"https:\/\/ywamarts.org\/wp-content\/uploads\/2024\/04\/Mexico-Central-America-Caribbean-e1714483652997-1024x586.png\" class=\"attachment-large size-large wp-image-9612\" alt=\"\" srcset=\"https:\/\/ywamarts.org\/wp-content\/uploads\/2024\/04\/Mexico-Central-America-Caribbean-e1714483652997-1024x586.png 1024w, https:\/\/ywamarts.org\/wp-content\/uploads\/2024\/04\/Mexico-Central-America-Caribbean-e1714483652997-300x172.png 300w, https:\/\/ywamarts.org\/wp-content\/uploads\/2024\/04\/Mexico-Central-America-Caribbean-e1714483652997-768x439.png 768w, https:\/\/ywamarts.org\/wp-content\/uploads\/2024\/04\/Mexico-Central-America-Caribbean-e1714483652997.png 1149w\" sizes=\"(max-width: 800px) 100vw, 800px\" \/>\t\t\t\t\t\t\t\t\t\t\t\t\t\t\t<\/div>\n\t\t<div data-particle_enable=\"false\" data-particle-mobile-disabled=\"false\" class=\"elementor-element elementor-element-60f04817 e-con-full e-flex e-con e-child\" data-id=\"60f04817\" data-element_type=\"container\" data-e-type=\"container\">\n\t\t\t\t<div class=\"elementor-element elementor-element-e724145 elementor-widget elementor-widget-heading\" data-id=\"e724145\" data-element_type=\"widget\" data-e-type=\"widget\" data-widget_type=\"heading.default\">\n\t\t\t\t\t<h2 class=\"elementor-heading-title elementor-size-default\">Entrez en contact avec le r\u00e9seau d'artistes du Mexique, d'Am\u00e9rique centrale et des Cara\u00efbes<\/h2>\t\t\t\t<\/div>\n\t\t\t\t<div class=\"elementor-element elementor-element-511c9594 elementor-widget elementor-widget-button\" data-id=\"511c9594\" data-element_type=\"widget\" data-e-type=\"widget\" data-widget_type=\"button.default\">\n\t\t\t\t\t\t\t\t\t\t<a class=\"elementor-button elementor-button-link elementor-size-sm\" href=\"https:\/\/forms.gle\/RyXX5PqT88nGPw3U6\" target=\"_blank\">\n\t\t\t\t\t\t<span class=\"elementor-button-content-wrapper\">\n\t\t\t\t\t\t\t\t\t<span class=\"elementor-button-text\">abonnez-vous et connectez-vous<\/span>\n\t\t\t\t\t<\/span>\n\t\t\t\t\t<\/a>\n\t\t\t\t\t\t\t\t<\/div>\n\t\t\t\t<\/div>\n\t\t\t\t\t<\/div>\n\t\t\t\t<\/div>\n\t\t\t\t<\/div>\n\t\t","protected":false},"excerpt":{"rendered":"<p>Mexique, Am\u00e9rique centrale et Cara\u00efbes Se former Connectez-vous D\u00e9couvrez les collectifs artistiques de la r\u00e9gion Prenez contact avec nous Contactez l&rsquo;un de nos coordinateurs r\u00e9gionaux Coordinateur du r\u00e9seau pour le Mexique et l&rsquo;Am\u00e9rique centrale Meghan Dineen meghan@ywammazatlan.com Coordinateur du r\u00e9seau des Cara\u00efbes Omayra \u00c1lvarez directorajucumsd@gmail.com Entrez en contact avec le r\u00e9seau d&rsquo;artistes du Mexique, d&rsquo;Am\u00e9rique [&hellip;]<\/p>\n","protected":false},"author":3,"featured_media":9454,"parent":9662,"menu_order":4,"comment_status":"closed","ping_status":"closed","template":"","meta":{"footnotes":""},"categories":[],"tags":[],"class_list":["post-9609","page","type-page","status-publish","has-post-thumbnail","hentry"],"jetpack_sharing_enabled":true,"_links":{"self":[{"href":"https:\/\/ywamarts.org\/fr\/wp-json\/wp\/v2\/pages\/9609","targetHints":{"allow":["GET"]}}],"collection":[{"href":"https:\/\/ywamarts.org\/fr\/wp-json\/wp\/v2\/pages"}],"about":[{"href":"https:\/\/ywamarts.org\/fr\/wp-json\/wp\/v2\/types\/page"}],"author":[{"embeddable":true,"href":"https:\/\/ywamarts.org\/fr\/wp-json\/wp\/v2\/users\/3"}],"replies":[{"embeddable":true,"href":"https:\/\/ywamarts.org\/fr\/wp-json\/wp\/v2\/comments?post=9609"}],"version-history":[{"count":2,"href":"https:\/\/ywamarts.org\/fr\/wp-json\/wp\/v2\/pages\/9609\/revisions"}],"predecessor-version":[{"id":9637,"href":"https:\/\/ywamarts.org\/fr\/wp-json\/wp\/v2\/pages\/9609\/revisions\/9637"}],"up":[{"embeddable":true,"href":"https:\/\/ywamarts.org\/fr\/wp-json\/wp\/v2\/pages\/9662"}],"wp:featuredmedia":[{"embeddable":true,"href":"https:\/\/ywamarts.org\/fr\/wp-json\/wp\/v2\/media\/9454"}],"wp:attachment":[{"href":"https:\/\/ywamarts.org\/fr\/wp-json\/wp\/v2\/media?parent=9609"}],"wp:term":[{"taxonomy":"category","embeddable":true,"href":"https:\/\/ywamarts.org\/fr\/wp-json\/wp\/v2\/categories?post=9609"},{"taxonomy":"post_tag","embeddable":true,"href":"https:\/\/ywamarts.org\/fr\/wp-json\/wp\/v2\/tags?post=9609"}],"curies":[{"name":"wp","href":"https:\/\/api.w.org\/{rel}","templated":true}]}}