{"id":11320,"date":"2024-04-30T10:05:34","date_gmt":"2024-04-30T10:05:34","guid":{"rendered":"https:\/\/ywamarts.org\/regiones\/brasil\/"},"modified":"2026-01-18T20:55:17","modified_gmt":"2026-01-18T20:55:17","slug":"brasil","status":"publish","type":"page","link":"https:\/\/ywamarts.org\/es\/regiones\/brasil\/","title":{"rendered":"Brasil"},"content":{"rendered":"\t\t<div data-elementor-type=\"wp-page\" data-elementor-id=\"11320\" class=\"elementor elementor-11320 elementor-2852\" data-elementor-post-type=\"page\">\n\t\t\t\t<div data-particle_enable=\"false\" data-particle-mobile-disabled=\"false\" class=\"elementor-element elementor-element-794c157b e-flex e-con-boxed e-con e-parent\" data-id=\"794c157b\" data-element_type=\"container\" data-e-type=\"container\" data-settings=\"{&quot;background_background&quot;:&quot;classic&quot;}\">\n\t\t\t\t\t<div class=\"e-con-inner\">\n\t\t\t\t<div class=\"elementor-element elementor-element-697b5297 elementor-widget elementor-widget-heading\" data-id=\"697b5297\" data-element_type=\"widget\" data-e-type=\"widget\" data-widget_type=\"heading.default\">\n\t\t\t\t\t<h2 class=\"elementor-heading-title elementor-size-default\">Brasil<\/h2>\t\t\t\t<\/div>\n\t\t\t\t\t<\/div>\n\t\t\t\t<\/div>\n\t\t<div data-particle_enable=\"false\" data-particle-mobile-disabled=\"false\" class=\"elementor-element elementor-element-467eb9c9 e-flex e-con-boxed e-con e-parent\" data-id=\"467eb9c9\" data-element_type=\"container\" data-e-type=\"container\">\n\t\t\t\t\t<div class=\"e-con-inner\">\n\t\t\t\t<div class=\"elementor-element elementor-element-30d5e16 elementor-nav-menu__align-center elementor-nav-menu--dropdown-tablet elementor-nav-menu__text-align-aside elementor-nav-menu--toggle elementor-nav-menu--burger elementor-widget elementor-widget-global elementor-global-10503 elementor-global-4448 elementor-widget-nav-menu\" data-id=\"30d5e16\" data-element_type=\"widget\" data-e-type=\"widget\" data-settings=\"{&quot;layout&quot;:&quot;horizontal&quot;,&quot;submenu_icon&quot;:{&quot;value&quot;:&quot;fas fa-caret-down&quot;,&quot;library&quot;:&quot;fa-solid&quot;},&quot;toggle&quot;:&quot;burger&quot;}\" data-widget_type=\"nav-menu.default\">\n\t\t\t\t\t\t\t\t<nav aria-label=\"Menu\" class=\"elementor-nav-menu--main elementor-nav-menu__container elementor-nav-menu--layout-horizontal e--pointer-none\">\n\t\t\t\t<ul id=\"menu-1-30d5e16\" class=\"elementor-nav-menu\"><li class=\"menu-item menu-item-type-post_type menu-item-object-page menu-item-2860\"><a href=\"https:\/\/ywamarts.org\/regions\/africa\/\" class=\"elementor-item\">\u00c1frica<\/a><\/li>\n<li class=\"menu-item menu-item-type-post_type menu-item-object-page menu-item-2707\"><a href=\"https:\/\/ywamarts.org\/regions\/asia-pacific\/\" class=\"elementor-item\">Asia y Pac\u00edfico<\/a><\/li>\n<li class=\"menu-item menu-item-type-post_type menu-item-object-page menu-item-2859\"><a href=\"https:\/\/ywamarts.org\/regions\/brazil\/\" class=\"elementor-item\">Brasil<\/a><\/li>\n<li class=\"menu-item menu-item-type-post_type menu-item-object-page menu-item-2708\"><a href=\"https:\/\/ywamarts.org\/regions\/europe\/\" class=\"elementor-item\">Europa<\/a><\/li>\n<li class=\"menu-item menu-item-type-post_type menu-item-object-page menu-item-2712\"><a href=\"https:\/\/ywamarts.org\/regions\/mexico-central-america-caribbean\/\" class=\"elementor-item\">M\u00e9xico, Am\u00e9rica Central y Caribe<\/a><\/li>\n<li class=\"menu-item menu-item-type-post_type menu-item-object-page menu-item-2710\"><a href=\"https:\/\/ywamarts.org\/regions\/north-america\/\" class=\"elementor-item\">Am\u00e9rica del Norte<\/a><\/li>\n<li class=\"menu-item menu-item-type-post_type menu-item-object-page menu-item-2711\"><a href=\"https:\/\/ywamarts.org\/regions\/south-americas\/\" class=\"elementor-item\">Am\u00e9rica del Sur<\/a><\/li>\n<\/ul>\t\t\t<\/nav>\n\t\t\t\t\t<div class=\"elementor-menu-toggle\" role=\"button\" tabindex=\"0\" aria-label=\"Alternar men\u00fa\" aria-expanded=\"false\">\n\t\t\t<svg aria-hidden=\"true\" role=\"presentation\" class=\"elementor-menu-toggle__icon--open e-font-icon-svg e-fas-bars\" viewBox=\"0 0 448 512\" xmlns=\"http:\/\/www.w3.org\/2000\/svg\"><path d=\"M16 132h416c8.837 0 16-7.163 16-16V76c0-8.837-7.163-16-16-16H16C7.163 60 0 67.163 0 76v40c0 8.837 7.163 16 16 16zm0 160h416c8.837 0 16-7.163 16-16v-40c0-8.837-7.163-16-16-16H16c-8.837 0-16 7.163-16 16v40c0 8.837 7.163 16 16 16zm0 160h416c8.837 0 16-7.163 16-16v-40c0-8.837-7.163-16-16-16H16c-8.837 0-16 7.163-16 16v40c0 8.837 7.163 16 16 16z\"><\/path><\/svg><svg aria-hidden=\"true\" role=\"presentation\" class=\"elementor-menu-toggle__icon--close e-font-icon-svg e-eicon-close\" viewBox=\"0 0 1000 1000\" xmlns=\"http:\/\/www.w3.org\/2000\/svg\"><path d=\"M742 167L500 408 258 167C246 154 233 150 217 150 196 150 179 158 167 167 154 179 150 196 150 212 150 229 154 242 171 254L408 500 167 742C138 771 138 800 167 829 196 858 225 858 254 829L496 587 738 829C750 842 767 846 783 846 800 846 817 842 829 829 842 817 846 804 846 783 846 767 842 750 829 737L588 500 833 258C863 229 863 200 833 171 804 137 775 137 742 167Z\"><\/path><\/svg>\t\t<\/div>\n\t\t\t\t\t<nav class=\"elementor-nav-menu--dropdown elementor-nav-menu__container\" aria-hidden=\"true\">\n\t\t\t\t<ul id=\"menu-2-30d5e16\" class=\"elementor-nav-menu\"><li class=\"menu-item menu-item-type-post_type menu-item-object-page menu-item-2860\"><a href=\"https:\/\/ywamarts.org\/regions\/africa\/\" class=\"elementor-item\" tabindex=\"-1\">\u00c1frica<\/a><\/li>\n<li class=\"menu-item menu-item-type-post_type menu-item-object-page menu-item-2707\"><a href=\"https:\/\/ywamarts.org\/regions\/asia-pacific\/\" class=\"elementor-item\" tabindex=\"-1\">Asia y Pac\u00edfico<\/a><\/li>\n<li class=\"menu-item menu-item-type-post_type menu-item-object-page menu-item-2859\"><a href=\"https:\/\/ywamarts.org\/regions\/brazil\/\" class=\"elementor-item\" tabindex=\"-1\">Brasil<\/a><\/li>\n<li class=\"menu-item menu-item-type-post_type menu-item-object-page menu-item-2708\"><a href=\"https:\/\/ywamarts.org\/regions\/europe\/\" class=\"elementor-item\" tabindex=\"-1\">Europa<\/a><\/li>\n<li class=\"menu-item menu-item-type-post_type menu-item-object-page menu-item-2712\"><a href=\"https:\/\/ywamarts.org\/regions\/mexico-central-america-caribbean\/\" class=\"elementor-item\" tabindex=\"-1\">M\u00e9xico, Am\u00e9rica Central y Caribe<\/a><\/li>\n<li class=\"menu-item menu-item-type-post_type menu-item-object-page menu-item-2710\"><a href=\"https:\/\/ywamarts.org\/regions\/north-america\/\" class=\"elementor-item\" tabindex=\"-1\">Am\u00e9rica del Norte<\/a><\/li>\n<li class=\"menu-item menu-item-type-post_type menu-item-object-page menu-item-2711\"><a href=\"https:\/\/ywamarts.org\/regions\/south-americas\/\" class=\"elementor-item\" tabindex=\"-1\">Am\u00e9rica del Sur<\/a><\/li>\n<\/ul>\t\t\t<\/nav>\n\t\t\t\t\t\t<\/div>\n\t\t\t\t\t<\/div>\n\t\t\t\t<\/div>\n\t\t<div data-particle_enable=\"false\" data-particle-mobile-disabled=\"false\" class=\"elementor-element elementor-element-c805abf e-flex e-con-boxed e-con e-parent\" data-id=\"c805abf\" data-element_type=\"container\" data-e-type=\"container\">\n\t\t\t\t\t<div class=\"e-con-inner\">\n\t\t\t\t<div class=\"elementor-element elementor-element-7d36db2c elementor-widget elementor-widget-heading\" data-id=\"7d36db2c\" data-element_type=\"widget\" data-e-type=\"widget\" data-widget_type=\"heading.default\">\n\t\t\t\t\t<h2 class=\"elementor-heading-title elementor-size-default\">F\u00f3rmate<\/h2>\t\t\t\t<\/div>\n\t\t\t\t\t<\/div>\n\t\t\t\t<\/div>\n\t\t<div data-particle_enable=\"false\" data-particle-mobile-disabled=\"false\" class=\"elementor-element elementor-element-755a304b e-flex e-con-boxed e-con e-parent\" data-id=\"755a304b\" data-element_type=\"container\" data-e-type=\"container\">\n\t\t\t\t\t<div class=\"e-con-inner\">\n\t\t\t\t\t<\/div>\n\t\t\t\t<\/div>\n\t\t<div data-particle_enable=\"false\" data-particle-mobile-disabled=\"false\" class=\"elementor-element elementor-element-7d8d4c3 e-flex e-con-boxed e-con e-parent\" data-id=\"7d8d4c3\" data-element_type=\"container\" data-e-type=\"container\">\n\t\t\t\t\t<div class=\"e-con-inner\">\n\t\t\t\t<div class=\"elementor-element elementor-element-067aa94 elementor-widget-divider--view-line elementor-widget elementor-widget-divider\" data-id=\"067aa94\" data-element_type=\"widget\" data-e-type=\"widget\" data-widget_type=\"divider.default\">\n\t\t\t\t\t\t\t<div class=\"elementor-divider\">\n\t\t\t<span class=\"elementor-divider-separator\">\n\t\t\t\t\t\t<\/span>\n\t\t<\/div>\n\t\t\t\t\t\t<\/div>\n\t\t\t\t\t<\/div>\n\t\t\t\t<\/div>\n\t\t<div data-particle_enable=\"false\" data-particle-mobile-disabled=\"false\" class=\"elementor-element elementor-element-8002e0f e-flex e-con-boxed e-con e-parent\" data-id=\"8002e0f\" data-element_type=\"container\" data-e-type=\"container\">\n\t\t\t\t\t<div class=\"e-con-inner\">\n\t\t\t\t<div class=\"elementor-element elementor-element-6e054797 elementor-widget elementor-widget-heading\" data-id=\"6e054797\" data-element_type=\"widget\" data-e-type=\"widget\" data-widget_type=\"heading.default\">\n\t\t\t\t\t<h2 class=\"elementor-heading-title elementor-size-default\">Con\u00e9ctate<\/h2>\t\t\t\t<\/div>\n\t\t\t\t<div class=\"elementor-element elementor-element-c8c60cb elementor-widget elementor-widget-heading\" data-id=\"c8c60cb\" data-element_type=\"widget\" data-e-type=\"widget\" data-widget_type=\"heading.default\">\n\t\t\t\t\t<h6 class=\"elementor-heading-title elementor-size-default\">Explora los colectivos art\u00edsticos de la regi\u00f3n<\/h6>\t\t\t\t<\/div>\n\t\t\t\t\t<\/div>\n\t\t\t\t<\/div>\n\t\t<div data-particle_enable=\"false\" data-particle-mobile-disabled=\"false\" class=\"elementor-element elementor-element-466a0b31 e-flex e-con-boxed e-con e-parent\" data-id=\"466a0b31\" data-element_type=\"container\" data-e-type=\"container\">\n\t\t\t\t\t<div class=\"e-con-inner\">\n\t\t\t\t<div class=\"elementor-element elementor-element-e241bc4 elementor-grid-3 elementor-grid-tablet-2 elementor-grid-mobile-1 elementor-widget elementor-widget-loop-grid\" data-id=\"e241bc4\" data-element_type=\"widget\" data-e-type=\"widget\" data-settings=\"{&quot;template_id&quot;:10296,&quot;_skin&quot;:&quot;post&quot;,&quot;columns&quot;:&quot;3&quot;,&quot;columns_tablet&quot;:&quot;2&quot;,&quot;columns_mobile&quot;:&quot;1&quot;,&quot;edit_handle_selector&quot;:&quot;[data-elementor-type=\\&quot;loop-item\\&quot;]&quot;,&quot;row_gap&quot;:{&quot;unit&quot;:&quot;px&quot;,&quot;size&quot;:&quot;&quot;,&quot;sizes&quot;:[]},&quot;row_gap_tablet&quot;:{&quot;unit&quot;:&quot;px&quot;,&quot;size&quot;:&quot;&quot;,&quot;sizes&quot;:[]},&quot;row_gap_mobile&quot;:{&quot;unit&quot;:&quot;px&quot;,&quot;size&quot;:&quot;&quot;,&quot;sizes&quot;:[]}}\" data-widget_type=\"loop-grid.post\">\n\t\t\t\t<div class=\"elementor-widget-container\">\n\t\t\t\t\t\t\t<div class=\"e-loop-nothing-found-message\">\n\t\t<\/div>\n\t\t\t\t\t\t<\/div>\n\t\t\t\t<\/div>\n\t\t\t\t\t<\/div>\n\t\t\t\t<\/div>\n\t\t<div data-particle_enable=\"false\" data-particle-mobile-disabled=\"false\" class=\"elementor-element elementor-element-f804199 e-flex e-con-boxed e-con e-parent\" data-id=\"f804199\" data-element_type=\"container\" data-e-type=\"container\">\n\t\t\t\t\t<div class=\"e-con-inner\">\n\t\t\t\t<div class=\"elementor-element elementor-element-fe6c61f elementor-widget-divider--view-line elementor-widget elementor-widget-divider\" data-id=\"fe6c61f\" data-element_type=\"widget\" data-e-type=\"widget\" data-widget_type=\"divider.default\">\n\t\t\t\t\t\t\t<div class=\"elementor-divider\">\n\t\t\t<span class=\"elementor-divider-separator\">\n\t\t\t\t\t\t<\/span>\n\t\t<\/div>\n\t\t\t\t\t\t<\/div>\n\t\t\t\t\t<\/div>\n\t\t\t\t<\/div>\n\t\t<div data-particle_enable=\"false\" data-particle-mobile-disabled=\"false\" class=\"elementor-element elementor-element-423af90d e-flex e-con-boxed e-con e-parent\" data-id=\"423af90d\" data-element_type=\"container\" data-e-type=\"container\">\n\t\t\t\t\t<div class=\"e-con-inner\">\n\t\t<div data-particle_enable=\"false\" data-particle-mobile-disabled=\"false\" class=\"elementor-element elementor-element-59f53b33 e-con-full e-flex e-con e-child\" data-id=\"59f53b33\" data-element_type=\"container\" data-e-type=\"container\">\n\t\t\t\t<div class=\"elementor-element elementor-element-2c2327bf elementor-widget__width-initial elementor-widget elementor-widget-heading\" data-id=\"2c2327bf\" data-element_type=\"widget\" data-e-type=\"widget\" data-widget_type=\"heading.default\">\n\t\t\t\t\t<h2 class=\"elementor-heading-title elementor-size-default\">Ponte en contacto<\/h2>\t\t\t\t<\/div>\n\t\t\t\t<div class=\"elementor-element elementor-element-41c9751 elementor-widget elementor-widget-heading\" data-id=\"41c9751\" data-element_type=\"widget\" data-e-type=\"widget\" data-widget_type=\"heading.default\">\n\t\t\t\t\t<h6 class=\"elementor-heading-title elementor-size-default\">Conecta con uno de nuestros coordinadores regionales<\/h6>\t\t\t\t<\/div>\n\t\t\t\t<\/div>\n\t\t\t\t\t<\/div>\n\t\t\t\t<\/div>\n\t\t<div data-particle_enable=\"false\" data-particle-mobile-disabled=\"false\" class=\"elementor-element elementor-element-1f57b80 e-flex e-con-boxed e-con e-parent\" data-id=\"1f57b80\" data-element_type=\"container\" data-e-type=\"container\">\n\t\t\t\t\t<div class=\"e-con-inner\">\n\t\t<div data-particle_enable=\"false\" data-particle-mobile-disabled=\"false\" class=\"elementor-element elementor-element-05f6092 e-con-full e-flex e-con e-child\" data-id=\"05f6092\" data-element_type=\"container\" data-e-type=\"container\" data-settings=\"{&quot;background_background&quot;:&quot;classic&quot;}\">\n\t\t\t\t<\/div>\n\t\t<div data-particle_enable=\"false\" data-particle-mobile-disabled=\"false\" class=\"elementor-element elementor-element-ddfbacb e-con-full e-flex e-con e-child\" data-id=\"ddfbacb\" data-element_type=\"container\" data-e-type=\"container\">\n\t\t\t\t<div class=\"elementor-element elementor-element-3fed4faf elementor-widget elementor-widget-heading\" data-id=\"3fed4faf\" data-element_type=\"widget\" data-e-type=\"widget\" data-widget_type=\"heading.default\">\n\t\t\t\t\t<h2 class=\"elementor-heading-title elementor-size-default\">Coordinador de la Red de Brasil<\/h2>\t\t\t\t<\/div>\n\t\t\t\t<div class=\"elementor-element elementor-element-3e06fa91 elementor-widget elementor-widget-heading\" data-id=\"3e06fa91\" data-element_type=\"widget\" data-e-type=\"widget\" data-widget_type=\"heading.default\">\n\t\t\t\t\t<h2 class=\"elementor-heading-title elementor-size-default\">Rick Gois<\/h2>\t\t\t\t<\/div>\n\t\t\t\t<div class=\"elementor-element elementor-element-4217269 elementor-widget elementor-widget-heading\" data-id=\"4217269\" data-element_type=\"widget\" data-e-type=\"widget\" data-widget_type=\"heading.default\">\n\t\t\t\t\t<h2 class=\"elementor-heading-title elementor-size-default\">gois.rick@gmail.com<\/h2>\t\t\t\t<\/div>\n\t\t\t\t<\/div>\n\t\t\t\t\t<\/div>\n\t\t\t\t<\/div>\n\t\t<div data-particle_enable=\"false\" data-particle-mobile-disabled=\"false\" class=\"elementor-element elementor-element-6ed0d94 e-flex e-con-boxed e-con e-parent\" data-id=\"6ed0d94\" data-element_type=\"container\" data-e-type=\"container\">\n\t\t\t\t\t<div class=\"e-con-inner\">\n\t\t<div data-particle_enable=\"false\" data-particle-mobile-disabled=\"false\" class=\"elementor-element elementor-element-afea091 e-con-full e-flex e-con e-child\" data-id=\"afea091\" data-element_type=\"container\" data-e-type=\"container\">\n\t\t\t\t<div class=\"elementor-element elementor-element-e253436 elementor-widget-divider--view-line elementor-widget elementor-widget-divider\" data-id=\"e253436\" data-element_type=\"widget\" data-e-type=\"widget\" data-widget_type=\"divider.default\">\n\t\t\t\t\t\t\t<div class=\"elementor-divider\">\n\t\t\t<span class=\"elementor-divider-separator\">\n\t\t\t\t\t\t<\/span>\n\t\t<\/div>\n\t\t\t\t\t\t<\/div>\n\t\t\t\t<\/div>\n\t\t<div data-particle_enable=\"false\" data-particle-mobile-disabled=\"false\" class=\"elementor-element elementor-element-b65e60b e-con-full e-flex e-con e-child\" data-id=\"b65e60b\" data-element_type=\"container\" data-e-type=\"container\">\n\t\t\t\t<div class=\"elementor-element elementor-element-9ec0d08 elementor-widget__width-initial elementor-widget elementor-widget-image\" data-id=\"9ec0d08\" data-element_type=\"widget\" data-e-type=\"widget\" data-widget_type=\"image.default\">\n\t\t\t\t\t\t\t\t\t\t\t\t\t\t\t<img fetchpriority=\"high\" decoding=\"async\" width=\"800\" height=\"800\" src=\"https:\/\/ywamarts.org\/wp-content\/uploads\/2024\/04\/6059ed2a59fc200dc3cd2a3f-1024x1024.jpg\" class=\"attachment-large size-large wp-image-11321\" alt=\"\" srcset=\"https:\/\/ywamarts.org\/wp-content\/uploads\/2024\/04\/6059ed2a59fc200dc3cd2a3f-1024x1024.jpg 1024w, https:\/\/ywamarts.org\/wp-content\/uploads\/2024\/04\/6059ed2a59fc200dc3cd2a3f-300x300.jpg 300w, https:\/\/ywamarts.org\/wp-content\/uploads\/2024\/04\/6059ed2a59fc200dc3cd2a3f-150x150.jpg 150w, https:\/\/ywamarts.org\/wp-content\/uploads\/2024\/04\/6059ed2a59fc200dc3cd2a3f-768x768.jpg 768w, https:\/\/ywamarts.org\/wp-content\/uploads\/2024\/04\/6059ed2a59fc200dc3cd2a3f-1536x1536.jpg 1536w, https:\/\/ywamarts.org\/wp-content\/uploads\/2024\/04\/6059ed2a59fc200dc3cd2a3f-2048x2048.jpg 2048w\" sizes=\"(max-width: 800px) 100vw, 800px\" \/>\t\t\t\t\t\t\t\t\t\t\t\t\t\t\t<\/div>\n\t\t\t\t<\/div>\n\t\t<div data-particle_enable=\"false\" data-particle-mobile-disabled=\"false\" class=\"elementor-element elementor-element-ee3a4b9 e-con-full e-flex e-con e-child\" data-id=\"ee3a4b9\" data-element_type=\"container\" data-e-type=\"container\">\n\t\t\t\t<div class=\"elementor-element elementor-element-c19f8b1 elementor-widget elementor-widget-heading\" data-id=\"c19f8b1\" data-element_type=\"widget\" data-e-type=\"widget\" data-widget_type=\"heading.default\">\n\t\t\t\t\t<h2 class=\"elementor-heading-title elementor-size-default\">Conecta con la red de artistas de Brasil<\/h2>\t\t\t\t<\/div>\n\t\t\t\t<div class=\"elementor-element elementor-element-11cb572 elementor-widget elementor-widget-button\" data-id=\"11cb572\" data-element_type=\"widget\" data-e-type=\"widget\" data-widget_type=\"button.default\">\n\t\t\t\t\t\t\t\t\t\t<a class=\"elementor-button elementor-button-link elementor-size-sm\" href=\"https:\/\/forms.gle\/Ao465e7B19JqbhSF7\" target=\"_blank\">\n\t\t\t\t\t\t<span class=\"elementor-button-content-wrapper\">\n\t\t\t\t\t\t\t\t\t<span class=\"elementor-button-text\">suscr\u00edbete y con\u00e9ctate<\/span>\n\t\t\t\t\t<\/span>\n\t\t\t\t\t<\/a>\n\t\t\t\t\t\t\t\t<\/div>\n\t\t\t\t<\/div>\n\t\t\t\t\t<\/div>\n\t\t\t\t<\/div>\n\t\t\t\t<\/div>\n\t\t","protected":false},"excerpt":{"rendered":"<p>Brasil F\u00f3rmate Con\u00e9ctate Explora los colectivos art\u00edsticos de la regi\u00f3n Ponte en contacto Conecta con uno de nuestros coordinadores regionales Coordinador de la Red de Brasil Rick Gois gois.rick@gmail.com Conecta con la red de artistas de Brasil suscr\u00edbete y con\u00e9ctate<\/p>\n","protected":false},"author":2,"featured_media":11337,"parent":10583,"menu_order":0,"comment_status":"closed","ping_status":"closed","template":"","meta":{"footnotes":""},"categories":[],"tags":[],"class_list":["post-11320","page","type-page","status-publish","has-post-thumbnail","hentry"],"jetpack_sharing_enabled":true,"_links":{"self":[{"href":"https:\/\/ywamarts.org\/es\/wp-json\/wp\/v2\/pages\/11320","targetHints":{"allow":["GET"]}}],"collection":[{"href":"https:\/\/ywamarts.org\/es\/wp-json\/wp\/v2\/pages"}],"about":[{"href":"https:\/\/ywamarts.org\/es\/wp-json\/wp\/v2\/types\/page"}],"author":[{"embeddable":true,"href":"https:\/\/ywamarts.org\/es\/wp-json\/wp\/v2\/users\/2"}],"replies":[{"embeddable":true,"href":"https:\/\/ywamarts.org\/es\/wp-json\/wp\/v2\/comments?post=11320"}],"version-history":[{"count":2,"href":"https:\/\/ywamarts.org\/es\/wp-json\/wp\/v2\/pages\/11320\/revisions"}],"predecessor-version":[{"id":11345,"href":"https:\/\/ywamarts.org\/es\/wp-json\/wp\/v2\/pages\/11320\/revisions\/11345"}],"up":[{"embeddable":true,"href":"https:\/\/ywamarts.org\/es\/wp-json\/wp\/v2\/pages\/10583"}],"wp:featuredmedia":[{"embeddable":true,"href":"https:\/\/ywamarts.org\/es\/wp-json\/wp\/v2\/media\/11337"}],"wp:attachment":[{"href":"https:\/\/ywamarts.org\/es\/wp-json\/wp\/v2\/media?parent=11320"}],"wp:term":[{"taxonomy":"category","embeddable":true,"href":"https:\/\/ywamarts.org\/es\/wp-json\/wp\/v2\/categories?post=11320"},{"taxonomy":"post_tag","embeddable":true,"href":"https:\/\/ywamarts.org\/es\/wp-json\/wp\/v2\/tags?post=11320"}],"curies":[{"name":"wp","href":"https:\/\/api.w.org\/{rel}","templated":true}]}}