{"id":10655,"date":"2023-03-01T11:05:46","date_gmt":"2023-03-01T11:05:46","guid":{"rendered":"https:\/\/ywamarts.org\/acerca-de\/"},"modified":"2026-01-22T19:11:34","modified_gmt":"2026-01-22T19:11:34","slug":"acerca-de","status":"publish","type":"page","link":"https:\/\/ywamarts.org\/es\/acerca-de\/","title":{"rendered":"Acerca de"},"content":{"rendered":"\t\t<div data-elementor-type=\"wp-page\" data-elementor-id=\"10655\" class=\"elementor elementor-10655 elementor-339\" data-elementor-post-type=\"page\">\n\t\t\t\t<div data-particle_enable=\"false\" data-particle-mobile-disabled=\"false\" class=\"elementor-element elementor-element-8429f0f e-flex e-con-boxed e-con e-parent\" data-id=\"8429f0f\" data-element_type=\"container\" data-e-type=\"container\" data-settings=\"{&quot;background_background&quot;:&quot;classic&quot;}\">\n\t\t\t\t\t<div class=\"e-con-inner\">\n\t\t\t\t<div class=\"elementor-element elementor-element-6821c19 elementor-widget elementor-widget-heading\" data-id=\"6821c19\" data-element_type=\"widget\" data-e-type=\"widget\" data-widget_type=\"heading.default\">\n\t\t\t\t\t<h2 class=\"elementor-heading-title elementor-size-default\">Acerca de<\/h2>\t\t\t\t<\/div>\n\t\t\t\t<div class=\"elementor-element elementor-element-692eab8 elementor-widget elementor-widget-heading\" data-id=\"692eab8\" data-element_type=\"widget\" data-e-type=\"widget\" data-widget_type=\"heading.default\">\n\t\t\t\t\t<h2 class=\"elementor-heading-title elementor-size-default\">la Facultad de Artes<\/h2>\t\t\t\t<\/div>\n\t\t\t\t\t<\/div>\n\t\t\t\t<\/div>\n\t\t<div data-particle_enable=\"false\" data-particle-mobile-disabled=\"false\" class=\"elementor-element elementor-element-c066979 e-flex e-con-boxed e-con e-parent\" data-id=\"c066979\" data-element_type=\"container\" data-e-type=\"container\">\n\t\t\t\t\t<div class=\"e-con-inner\">\n\t\t\t\t<div class=\"elementor-element elementor-element-6394928 elementor-mobile-align-left elementor-widget elementor-widget-button\" data-id=\"6394928\" data-element_type=\"widget\" data-e-type=\"widget\" data-widget_type=\"button.default\">\n\t\t\t\t\t\t\t\t\t\t<a class=\"elementor-button elementor-button-link elementor-size-sm elementor-animation-grow\" href=\"#collegearts\">\n\t\t\t\t\t\t<span class=\"elementor-button-content-wrapper\">\n\t\t\t\t\t\t\t\t\t<span class=\"elementor-button-text\">Universidad<\/span>\n\t\t\t\t\t<\/span>\n\t\t\t\t\t<\/a>\n\t\t\t\t\t\t\t\t<\/div>\n\t\t\t\t<div class=\"elementor-element elementor-element-01ff582 elementor-mobile-align-left elementor-widget elementor-widget-button\" data-id=\"01ff582\" data-element_type=\"widget\" data-e-type=\"widget\" data-widget_type=\"button.default\">\n\t\t\t\t\t\t\t\t\t\t<a class=\"elementor-button elementor-button-link elementor-size-sm elementor-animation-grow\" href=\"#collegevalues\">\n\t\t\t\t\t\t<span class=\"elementor-button-content-wrapper\">\n\t\t\t\t\t\t\t\t\t<span class=\"elementor-button-text\">valores<\/span>\n\t\t\t\t\t<\/span>\n\t\t\t\t\t<\/a>\n\t\t\t\t\t\t\t\t<\/div>\n\t\t\t\t<div class=\"elementor-element elementor-element-f81e7a8 elementor-mobile-align-left elementor-widget elementor-widget-button\" data-id=\"f81e7a8\" data-element_type=\"widget\" data-e-type=\"widget\" data-widget_type=\"button.default\">\n\t\t\t\t\t\t\t\t\t\t<a class=\"elementor-button elementor-button-link elementor-size-sm elementor-animation-grow\" href=\"#dean\">\n\t\t\t\t\t\t<span class=\"elementor-button-content-wrapper\">\n\t\t\t\t\t\t\t\t\t<span class=\"elementor-button-text\">Decano<\/span>\n\t\t\t\t\t<\/span>\n\t\t\t\t\t<\/a>\n\t\t\t\t\t\t\t\t<\/div>\n\t\t\t\t<div class=\"elementor-element elementor-element-112cc96 elementor-mobile-align-left elementor-widget elementor-widget-button\" data-id=\"112cc96\" data-element_type=\"widget\" data-e-type=\"widget\" data-widget_type=\"button.default\">\n\t\t\t\t\t\t\t\t\t\t<a class=\"elementor-button elementor-button-link elementor-size-sm elementor-animation-grow\" href=\"#uofnarts\">\n\t\t\t\t\t\t<span class=\"elementor-button-content-wrapper\">\n\t\t\t\t\t\t\t\t\t<span class=\"elementor-button-text\">Universidad de las Naciones<\/span>\n\t\t\t\t\t<\/span>\n\t\t\t\t\t<\/a>\n\t\t\t\t\t\t\t\t<\/div>\n\t\t\t\t<div class=\"elementor-element elementor-element-8dcc241 elementor-mobile-align-left elementor-widget elementor-widget-button\" data-id=\"8dcc241\" data-element_type=\"widget\" data-e-type=\"widget\" data-widget_type=\"button.default\">\n\t\t\t\t\t\t\t\t\t\t<a class=\"elementor-button elementor-button-link elementor-size-sm elementor-animation-grow\" href=\"#ywamarts\">\n\t\t\t\t\t\t<span class=\"elementor-button-content-wrapper\">\n\t\t\t\t\t\t\t\t\t<span class=\"elementor-button-text\">JUCUM<\/span>\n\t\t\t\t\t<\/span>\n\t\t\t\t\t<\/a>\n\t\t\t\t\t\t\t\t<\/div>\n\t\t\t\t\t<\/div>\n\t\t\t\t<\/div>\n\t\t<div data-particle_enable=\"false\" data-particle-mobile-disabled=\"false\" class=\"elementor-element elementor-element-d0dd4f4 e-flex e-con-boxed e-con e-parent\" data-id=\"d0dd4f4\" data-element_type=\"container\" data-e-type=\"container\">\n\t\t\t\t\t<div class=\"e-con-inner\">\n\t\t\t\t<div class=\"elementor-element elementor-element-b838026 elementor-widget elementor-widget-menu-anchor\" data-id=\"b838026\" data-element_type=\"widget\" data-e-type=\"widget\" data-widget_type=\"menu-anchor.default\">\n\t\t\t\t\t\t\t<div class=\"elementor-menu-anchor\" id=\"collegearts\"><\/div>\n\t\t\t\t\t\t<\/div>\n\t\t<div data-particle_enable=\"false\" data-particle-mobile-disabled=\"false\" class=\"elementor-element elementor-element-7fca614 e-con-full e-flex e-con e-child\" data-id=\"7fca614\" data-element_type=\"container\" data-e-type=\"container\">\n\t\t\t\t<div class=\"elementor-element elementor-element-7d6b1bc elementor-widget elementor-widget-text-editor\" data-id=\"7d6b1bc\" data-element_type=\"widget\" data-e-type=\"widget\" data-widget_type=\"text-editor.default\">\n\t\t\t\t\t\t\t\t\t<h4>Descubre la Facultad de Artes<\/h4><p>Bienvenido a la Facultad de Artes, donde la creatividad y el prop\u00f3sito se unen en un entorno acad\u00e9mico impulsado por la misi\u00f3n. Como parte integrante de Juventud Con Una Misi\u00f3n (JuCUM), combinamos <strong>la excelencia art\u00edstica<\/strong> con un profundo compromiso de \u00abConocer a Dios y darlo a conocer\u00bb en todo el mundo. En nuestro colegio, vemos el arte como un lenguaje divino, un poderoso medio a trav\u00e9s del cual el Creador inspira y transforma. <strong>Nuestro objetivo es formar artistas que sobresalgan en su oficio y, al mismo tiempo, encarnen el esp\u00edritu de un misionero<\/strong>, compartiendo mensajes de esperanza y redenci\u00f3n dondequiera que vayan.  <\/p><p>Nuestros programas acad\u00e9micos est\u00e1n cuidadosamente <strong>dise\u00f1ados para entrelazar la educaci\u00f3n con el crecimiento espiritual<\/strong>. En un vibrante entorno de aprendizaje en vivo, enriquecido por <strong>experiencias interculturales<\/strong>, los estudiantes se embarcan en un viaje transformador guiados por profesores y l\u00edderes experimentados. Aqu\u00ed, la presencia de Jes\u00fas no s\u00f3lo se ense\u00f1a; se experimenta de verdad. Ofrecemos un plan de estudios diverso que abarca <strong>varias disciplinas art\u00edsticas<\/strong>, lo que permite a los estudiantes obtener t\u00edtulos mediante una combinaci\u00f3n de cursos, seminarios, pr\u00e1cticas y proyecci\u00f3n global. Este enfoque integral enriquece tanto las artes como las misiones.    <\/p><p>Tanto si tu vocaci\u00f3n te lleva a colaborar con artistas profesionales, a ense\u00f1ar en diversos contextos culturales o a servir a los necesitados, la Facultad de Artes proporciona una educaci\u00f3n hol\u00edstica que nutre tus habilidades y tu camino espiritual.<\/p><p>\u00danete a nosotros en la Facultad de Artes de la Universidad de las Naciones, donde tu pasi\u00f3n por el arte y las misiones se convierte en una poderosa fuerza para el cambio. Adopta una educaci\u00f3n que mejore tu arte a la vez que profundiza en tu fe, capacit\u00e1ndote para<strong> influir en el mundo con la belleza y la verdad de Cristo<\/strong>. <\/p>\t\t\t\t\t\t\t\t<\/div>\n\t\t\t\t<\/div>\n\t\t\t\t\t<\/div>\n\t\t\t\t<\/div>\n\t\t<div data-particle_enable=\"false\" data-particle-mobile-disabled=\"false\" class=\"elementor-element elementor-element-5d1834b e-flex e-con-boxed e-con e-parent\" data-id=\"5d1834b\" data-element_type=\"container\" data-e-type=\"container\" data-settings=\"{&quot;background_background&quot;:&quot;classic&quot;}\">\n\t\t\t\t\t<div class=\"e-con-inner\">\n\t\t\t\t\t<\/div>\n\t\t\t\t<\/div>\n\t\t<div data-particle_enable=\"false\" data-particle-mobile-disabled=\"false\" class=\"elementor-element elementor-element-2790303 e-flex e-con-boxed e-con e-parent\" data-id=\"2790303\" data-element_type=\"container\" data-e-type=\"container\">\n\t\t\t\t\t<div class=\"e-con-inner\">\n\t\t\t\t<div class=\"elementor-element elementor-element-d0c5e2a elementor-widget elementor-widget-menu-anchor\" data-id=\"d0c5e2a\" data-element_type=\"widget\" data-e-type=\"widget\" data-widget_type=\"menu-anchor.default\">\n\t\t\t\t\t\t\t<div class=\"elementor-menu-anchor\" id=\"collegevalues\"><\/div>\n\t\t\t\t\t\t<\/div>\n\t\t<div data-particle_enable=\"false\" data-particle-mobile-disabled=\"false\" class=\"elementor-element elementor-element-f8d7e80 e-con-full e-flex e-con e-child\" data-id=\"f8d7e80\" data-element_type=\"container\" data-e-type=\"container\">\n\t\t\t\t<div class=\"elementor-element elementor-element-f3e89cd elementor-widget elementor-widget-text-editor\" data-id=\"f3e89cd\" data-element_type=\"widget\" data-e-type=\"widget\" data-widget_type=\"text-editor.default\">\n\t\t\t\t\t\t\t\t\t<h4>Nuestros valores<\/h4><p>1. Comunidad y colaboraci\u00f3n<\/p><ul><li>Comunidades orientadas a las relaciones, centradas en Jes\u00fas y transformadas por Su amor<\/li><li>Asociaci\u00f3n entre diversas comunidades multiculturales y multigeneracionales<\/li><li>Practicar la hospitalidad y la generosidad a trav\u00e9s de la creaci\u00f3n art\u00edstica  <\/li><\/ul><p> <\/p><p>2. Desarrollo creativo y profesional<\/p><ul><li>Aprender un fundamento b\u00edblico en las artes<\/li><li>Catalizador de la vocaci\u00f3n y la visi\u00f3n inspiradas por Dios en las artes<\/li><li>Desarrollo hol\u00edstico del artista a trav\u00e9s del aprendizaje modular<\/li><li>Experiencia inmersiva y real centrada en aplicaciones pr\u00e1cticas de campo<\/li><\/ul><p> <\/p><p>3. Misi\u00f3n e innovaci\u00f3n<\/p><ul><li>S\u00e9 la sal y la luz de Cristo en medio de la cultura art\u00edstica<\/li><li>Servicio a trav\u00e9s de la humildad cultural: voluntad de escuchar, aprender y contextualizar<\/li><li>Iniciativas creativas que contribuyan a las comunidades y al paisaje cultural<\/li><\/ul>\t\t\t\t\t\t\t\t<\/div>\n\t\t\t\t<\/div>\n\t\t\t\t\t<\/div>\n\t\t\t\t<\/div>\n\t\t<div data-particle_enable=\"false\" data-particle-mobile-disabled=\"false\" class=\"elementor-element elementor-element-86cee66 e-flex e-con-boxed e-con e-parent\" data-id=\"86cee66\" data-element_type=\"container\" data-e-type=\"container\">\n\t\t\t\t\t<div class=\"e-con-inner\">\n\t\t\t\t<div class=\"elementor-element elementor-element-cd324c5 elementor-widget elementor-widget-menu-anchor\" data-id=\"cd324c5\" data-element_type=\"widget\" data-e-type=\"widget\" data-widget_type=\"menu-anchor.default\">\n\t\t\t\t\t\t\t<div class=\"elementor-menu-anchor\" id=\"dean\"><\/div>\n\t\t\t\t\t\t<\/div>\n\t\t\t\t\t<\/div>\n\t\t\t\t<\/div>\n\t\t<div data-particle_enable=\"false\" data-particle-mobile-disabled=\"false\" class=\"elementor-element elementor-element-6f3dd12 e-flex e-con-boxed e-con e-parent\" data-id=\"6f3dd12\" data-element_type=\"container\" data-e-type=\"container\">\n\t\t\t\t\t<div class=\"e-con-inner\">\n\t\t\t\t<div class=\"elementor-element elementor-element-e069abc elementor-widget elementor-widget-heading\" data-id=\"e069abc\" data-element_type=\"widget\" data-e-type=\"widget\" data-widget_type=\"heading.default\">\n\t\t\t\t\t<h4 class=\"elementor-heading-title elementor-size-default\">Decano Internacional de la Facultad de Arte<\/h4>\t\t\t\t<\/div>\n\t\t\t\t\t<\/div>\n\t\t\t\t<\/div>\n\t\t<div data-particle_enable=\"false\" data-particle-mobile-disabled=\"false\" class=\"elementor-element elementor-element-035f148 e-flex e-con-boxed e-con e-parent\" data-id=\"035f148\" data-element_type=\"container\" data-e-type=\"container\">\n\t\t\t\t\t<div class=\"e-con-inner\">\n\t\t\t\t<div class=\"elementor-element elementor-element-0b5b656 elementor-cta--layout-image-left elementor-cta--skin-classic elementor-animated-content elementor-bg-transform elementor-bg-transform-zoom-in elementor-widget elementor-widget-call-to-action\" data-id=\"0b5b656\" data-element_type=\"widget\" data-e-type=\"widget\" data-widget_type=\"call-to-action.default\">\n\t\t\t\t\t\t\t<div class=\"elementor-cta\">\n\t\t\t\t\t<div class=\"elementor-cta__bg-wrapper\">\n\t\t\t\t<div class=\"elementor-cta__bg elementor-bg\" style=\"background-image: url(https:\/\/ywamarts.org\/wp-content\/uploads\/2025\/02\/Faby-1006x1024.jpg);\" role=\"img\" aria-label=\"Faby\"><\/div>\n\t\t\t\t<div class=\"elementor-cta__bg-overlay\"><\/div>\n\t\t\t<\/div>\n\t\t\t\t\t\t\t<div class=\"elementor-cta__content\">\n\t\t\t\t\n\t\t\t\t\t\t\t\t\t<h2 class=\"elementor-cta__title elementor-cta__content-item elementor-content-item\">\n\t\t\t\t\t\tFaby Ruesga\t\t\t\t\t<\/h2>\n\t\t\t\t\n\t\t\t\t\t\t\t\t\t<div class=\"elementor-cta__description elementor-cta__content-item elementor-content-item\">\n\t\t\t\t\t\tFaby Ruesga es originaria de la Ciudad de M\u00e9xico y se uni\u00f3 a JuCUM en 1995, sirviendo en los EE.UU. y M\u00e9xico y m\u00e1s tarde en Hong Kong, donde fue pionera de un ministerio de artes esc\u00e9nicas y una base. Faby tiene un M\u00e1ster Ejecutivo en Liderazgo Global por la Universidad de Nueva York y un Asociado en Gesti\u00f3n de Eventos por Le Cordon Bleu. Adem\u00e1s de ser Decana Internacional de la Facultad de Artes, forma parte del Equipo de Presidentes de la Universidad de las Naciones.  <br><br><i>El decano trabaja con un equipo de personas de los continentes para apoyar a quienes imparten cursos en la UofN en el marco de la Facultad de Letras, as\u00ed como a quienes desean obtener t\u00edtulos.<\/i>\t\t\t\t\t<\/div>\n\t\t\t\t\n\t\t\t\t\t\t\t<\/div>\n\t\t\t\t\t\t<\/div>\n\t\t\t\t\t\t<\/div>\n\t\t\t\t\t<\/div>\n\t\t\t\t<\/div>\n\t\t<div data-particle_enable=\"false\" data-particle-mobile-disabled=\"false\" class=\"elementor-element elementor-element-5f1d84f e-flex e-con-boxed e-con e-parent\" data-id=\"5f1d84f\" data-element_type=\"container\" data-e-type=\"container\" data-settings=\"{&quot;background_background&quot;:&quot;classic&quot;}\">\n\t\t\t\t\t<div class=\"e-con-inner\">\n\t\t\t\t\t<\/div>\n\t\t\t\t<\/div>\n\t\t<div data-particle_enable=\"false\" data-particle-mobile-disabled=\"false\" class=\"elementor-element elementor-element-1b7dfdc e-flex e-con-boxed e-con e-parent\" data-id=\"1b7dfdc\" data-element_type=\"container\" data-e-type=\"container\">\n\t\t\t\t\t<div class=\"e-con-inner\">\n\t\t\t\t<div class=\"elementor-element elementor-element-ff0cd6f elementor-widget elementor-widget-menu-anchor\" data-id=\"ff0cd6f\" data-element_type=\"widget\" data-e-type=\"widget\" data-widget_type=\"menu-anchor.default\">\n\t\t\t\t\t\t\t<div class=\"elementor-menu-anchor\" id=\"uofnarts\"><\/div>\n\t\t\t\t\t\t<\/div>\n\t\t\t\t<div class=\"elementor-element elementor-element-71530ea elementor-widget elementor-widget-text-editor\" data-id=\"71530ea\" data-element_type=\"widget\" data-e-type=\"widget\" data-widget_type=\"text-editor.default\">\n\t\t\t\t\t\t\t\t\t<h4><img decoding=\"async\" class=\"alignright wp-image-166\" src=\"https:\/\/ywamarts.org\/wp-content\/uploads\/2023\/01\/Artboard-1.svg\" alt=\"\" width=\"200\">Universidad de las Naciones<\/h4><p>La UofN es \u00fanica en su \u00e1mbito de formaci\u00f3n misionera internacional, con escuelas en 160 naciones y en 600 lugares de 6 continentes. Fundada sobre principios b\u00edblicos, la Universidad de las Naciones (UofN) cumple su compromiso con Cristo y Su Gran Comisi\u00f3n equipando a hombres y mujeres con formaci\u00f3n espiritual, cultural, intelectual y profesional, e inspir\u00e1ndoles para que crezcan continuamente en su relaci\u00f3n personal con Dios, al tiempo que procuran darle a conocer entre todos los pueblos de todas las naciones. <\/p><p>Para saber m\u00e1s sobre la Universidad de las Naciones: <a href=\"https:\/\/uofn.edu\/about#general-information\">uofn.edu<\/a><\/p>\t\t\t\t\t\t\t\t<\/div>\n\t\t\t\t\t<\/div>\n\t\t\t\t<\/div>\n\t\t<div data-particle_enable=\"false\" data-particle-mobile-disabled=\"false\" class=\"elementor-element elementor-element-d97eb5f e-flex e-con-boxed e-con e-parent\" data-id=\"d97eb5f\" data-element_type=\"container\" data-e-type=\"container\">\n\t\t\t\t\t<div class=\"e-con-inner\">\n\t\t\t\t<div class=\"elementor-element elementor-element-c796595 elementor-widget elementor-widget-menu-anchor\" data-id=\"c796595\" data-element_type=\"widget\" data-e-type=\"widget\" data-widget_type=\"menu-anchor.default\">\n\t\t\t\t\t\t\t<div class=\"elementor-menu-anchor\" id=\"ywamarts\"><\/div>\n\t\t\t\t\t\t<\/div>\n\t\t\t\t<div class=\"elementor-element elementor-element-e649578 elementor-widget elementor-widget-text-editor\" data-id=\"e649578\" data-element_type=\"widget\" data-e-type=\"widget\" data-widget_type=\"text-editor.default\">\n\t\t\t\t\t\t\t\t\t<h4><img decoding=\"async\" class=\"alignleft wp-image-3926\" src=\"https:\/\/ywamarts.org\/wp-content\/uploads\/2024\/12\/YWAM-logo-black-300x239.png\" alt=\"\" width=\"223\" height=\"178\" srcset=\"https:\/\/ywamarts.org\/wp-content\/uploads\/2024\/12\/YWAM-logo-black-300x239.png 300w, https:\/\/ywamarts.org\/wp-content\/uploads\/2024\/12\/YWAM-logo-black-1024x817.png 1024w, https:\/\/ywamarts.org\/wp-content\/uploads\/2024\/12\/YWAM-logo-black-768x613.png 768w, https:\/\/ywamarts.org\/wp-content\/uploads\/2024\/12\/YWAM-logo-black-1536x1225.png 1536w, https:\/\/ywamarts.org\/wp-content\/uploads\/2024\/12\/YWAM-logo-black-2048x1634.png 2048w\" sizes=\"(max-width: 223px) 100vw, 223px\" \/>Juventud Con Una Misi\u00f3n<\/h4><p>La Universidad de las Naciones naci\u00f3 de Juventud Con Una Misi\u00f3n (JuCUM), un movimiento internacional muy descentralizado de cristianos de muchas denominaciones dedicados a presentar la persona de Jesucristo a esta generaci\u00f3n y a formar y equipar a muchos creyentes en esa tarea. Como ciudadanos del reino de Dios, el personal de JuCUM busca amar, adorar y obedecer a su Se\u00f1or, amar y servir a Su Cuerpo, la Iglesia, y presentar el Evangelio completo para toda la persona en todo el mundo. <\/p><p>Para saber m\u00e1s sobre Juventud Con Una Misi\u00f3n: <a href=\"https:\/\/ywam.org\/\">ywam.org<\/a><\/p>\t\t\t\t\t\t\t\t<\/div>\n\t\t\t\t\t<\/div>\n\t\t\t\t<\/div>\n\t\t<div data-particle_enable=\"false\" data-particle-mobile-disabled=\"false\" class=\"elementor-element elementor-element-1c381f2 e-flex e-con-boxed e-con e-parent\" data-id=\"1c381f2\" data-element_type=\"container\" data-e-type=\"container\">\n\t\t\t\t\t<div class=\"e-con-inner\">\n\t\t\t\t<div class=\"elementor-element elementor-element-5cff345 elementor-widget elementor-widget-heading\" data-id=\"5cff345\" data-element_type=\"widget\" data-e-type=\"widget\" data-widget_type=\"heading.default\">\n\t\t\t\t\t<h2 class=\"elementor-heading-title elementor-size-default\">Contacto<\/h2>\t\t\t\t<\/div>\n\t\t\t\t\t<\/div>\n\t\t\t\t<\/div>\n\t\t<div data-particle_enable=\"false\" data-particle-mobile-disabled=\"false\" class=\"elementor-element elementor-element-d035c81 e-flex e-con-boxed e-con e-parent\" data-id=\"d035c81\" data-element_type=\"container\" data-e-type=\"container\">\n\t\t\t\t\t<div class=\"e-con-inner\">\n\t\t<div data-particle_enable=\"false\" data-particle-mobile-disabled=\"false\" class=\"elementor-element elementor-element-0b8fc99 e-con-full e-flex e-con e-child\" data-id=\"0b8fc99\" data-element_type=\"container\" data-e-type=\"container\">\n\t\t\t\t<div class=\"elementor-element elementor-element-575c3ca elementor-cta--layout-image-above elementor-cta--skin-classic elementor-animated-content elementor-bg-transform elementor-bg-transform-zoom-in elementor-widget elementor-widget-call-to-action\" data-id=\"575c3ca\" data-element_type=\"widget\" data-e-type=\"widget\" data-widget_type=\"call-to-action.default\">\n\t\t\t\t\t\t\t<div class=\"elementor-cta\">\n\t\t\t\t\t<div class=\"elementor-cta__bg-wrapper\">\n\t\t\t\t<div class=\"elementor-cta__bg elementor-bg\" style=\"background-image: url(https:\/\/ywamarts.org\/wp-content\/uploads\/2025\/12\/CoA-Logo-Color-white-space-768x768.jpg);\" role=\"img\" aria-label=\"Logotipo del CdA Color espacio en blanco\"><\/div>\n\t\t\t\t<div class=\"elementor-cta__bg-overlay\"><\/div>\n\t\t\t<\/div>\n\t\t\t\t\t\t\t<div class=\"elementor-cta__content\">\n\t\t\t\t\n\t\t\t\t\t\t\t\t\t<h2 class=\"elementor-cta__title elementor-cta__content-item elementor-content-item\">\n\t\t\t\t\t\tFacultad de Artes\t\t\t\t\t<\/h2>\n\t\t\t\t\n\t\t\t\t\n\t\t\t\t\t\t\t\t\t<div class=\"elementor-cta__button-wrapper elementor-cta__content-item elementor-content-item \">\n\t\t\t\t\t<a class=\"elementor-cta__button elementor-button elementor-size-\" href=\"mailto:ats@uofn.edu\">\n\t\t\t\t\t\tContacto\t\t\t\t\t<\/a>\n\t\t\t\t\t<\/div>\n\t\t\t\t\t\t\t<\/div>\n\t\t\t\t\t\t<\/div>\n\t\t\t\t\t\t<\/div>\n\t\t\t\t<\/div>\n\t\t<div data-particle_enable=\"false\" data-particle-mobile-disabled=\"false\" class=\"elementor-element elementor-element-c1c0e0e e-con-full e-flex e-con e-child\" data-id=\"c1c0e0e\" data-element_type=\"container\" data-e-type=\"container\">\n\t\t\t\t<div class=\"elementor-element elementor-element-6511292 elementor-cta--layout-image-above elementor-cta--skin-classic elementor-animated-content elementor-bg-transform elementor-bg-transform-zoom-in elementor-widget elementor-widget-call-to-action\" data-id=\"6511292\" data-element_type=\"widget\" data-e-type=\"widget\" data-widget_type=\"call-to-action.default\">\n\t\t\t\t\t\t\t<div class=\"elementor-cta\">\n\t\t\t\t\t<div class=\"elementor-cta__bg-wrapper\">\n\t\t\t\t<div class=\"elementor-cta__bg elementor-bg\" style=\"background-image: url(https:\/\/ywamarts.org\/wp-content\/uploads\/2026\/01\/sam_contact_bw-768x1024.png);\" role=\"img\" aria-label=\"sam_contacto_bw\"><\/div>\n\t\t\t\t<div class=\"elementor-cta__bg-overlay\"><\/div>\n\t\t\t<\/div>\n\t\t\t\t\t\t\t<div class=\"elementor-cta__content\">\n\t\t\t\t\n\t\t\t\t\t\t\t\t\t<h2 class=\"elementor-cta__title elementor-cta__content-item elementor-content-item\">\n\t\t\t\t\t\tSamuel Biggs\t\t\t\t\t<\/h2>\n\t\t\t\t\n\t\t\t\t\t\t\t\t\t<div class=\"elementor-cta__description elementor-cta__content-item elementor-content-item\">\n\t\t\t\t\t\tCoordinador de T\u00edtulos\t\t\t\t\t<\/div>\n\t\t\t\t\n\t\t\t\t\t\t\t\t\t<div class=\"elementor-cta__button-wrapper elementor-cta__content-item elementor-content-item \">\n\t\t\t\t\t<a class=\"elementor-cta__button elementor-button elementor-size-\" href=\"mailto:samuel.biggs@uofn.edu\">\n\t\t\t\t\t\tContacto\t\t\t\t\t<\/a>\n\t\t\t\t\t<\/div>\n\t\t\t\t\t\t\t<\/div>\n\t\t\t\t\t\t<\/div>\n\t\t\t\t\t\t<\/div>\n\t\t\t\t<\/div>\n\t\t<div data-particle_enable=\"false\" data-particle-mobile-disabled=\"false\" class=\"elementor-element elementor-element-5760f51 e-con-full e-flex e-con e-child\" data-id=\"5760f51\" data-element_type=\"container\" data-e-type=\"container\">\n\t\t\t\t<div class=\"elementor-element elementor-element-9a00d90 elementor-cta--layout-image-above elementor-cta--skin-classic elementor-animated-content elementor-bg-transform elementor-bg-transform-zoom-in elementor-widget elementor-widget-call-to-action\" data-id=\"9a00d90\" data-element_type=\"widget\" data-e-type=\"widget\" data-widget_type=\"call-to-action.default\">\n\t\t\t\t\t\t\t<div class=\"elementor-cta\">\n\t\t\t\t\t<div class=\"elementor-cta__bg-wrapper\">\n\t\t\t\t<div class=\"elementor-cta__bg elementor-bg\" style=\"background-image: url(https:\/\/ywamarts.org\/wp-content\/uploads\/2025\/03\/Stephanie_BW-819x1024.jpg);\" role=\"img\" aria-label=\"Stephanie_B&amp;W\"><\/div>\n\t\t\t\t<div class=\"elementor-cta__bg-overlay\"><\/div>\n\t\t\t<\/div>\n\t\t\t\t\t\t\t<div class=\"elementor-cta__content\">\n\t\t\t\t\n\t\t\t\t\t\t\t\t\t<h2 class=\"elementor-cta__title elementor-cta__content-item elementor-content-item\">\n\t\t\t\t\t\tStephanie Ng\t\t\t\t\t<\/h2>\n\t\t\t\t\n\t\t\t\t\t\t\t\t\t<div class=\"elementor-cta__description elementor-cta__content-item elementor-content-item\">\n\t\t\t\t\t\tAdministrador\t\t\t\t\t<\/div>\n\t\t\t\t\n\t\t\t\t\t\t\t\t\t<div class=\"elementor-cta__button-wrapper elementor-cta__content-item elementor-content-item \">\n\t\t\t\t\t<a class=\"elementor-cta__button elementor-button elementor-size-\" href=\"mailto:stephanie.ng@uofn.edu\">\n\t\t\t\t\t\tContacto\t\t\t\t\t<\/a>\n\t\t\t\t\t<\/div>\n\t\t\t\t\t\t\t<\/div>\n\t\t\t\t\t\t<\/div>\n\t\t\t\t\t\t<\/div>\n\t\t\t\t<\/div>\n\t\t\t\t\t<\/div>\n\t\t\t\t<\/div>\n\t\t<div data-particle_enable=\"false\" data-particle-mobile-disabled=\"false\" class=\"elementor-element elementor-element-0b942da e-flex e-con-boxed e-con e-parent\" data-id=\"0b942da\" data-element_type=\"container\" data-e-type=\"container\">\n\t\t\t\t\t<div class=\"e-con-inner\">\n\t\t\t\t\t<\/div>\n\t\t\t\t<\/div>\n\t\t\t\t<\/div>\n\t\t","protected":false},"excerpt":{"rendered":"<p>Bienvenido a la Facultad de Artes, donde la creatividad y el prop\u00f3sito se unen en un entorno acad\u00e9mico impulsado por la misi\u00f3n. Como parte integrante de Juventud Con Una Misi\u00f3n (JuCUM), combinamos la excelencia art\u00edstica con un profundo compromiso para \u00abConocer a Dios y darlo a conocer\u00bb en todo el mundo. <\/p>\n","protected":false},"author":3,"featured_media":10659,"parent":0,"menu_order":10,"comment_status":"closed","ping_status":"closed","template":"","meta":{"footnotes":""},"categories":[],"tags":[],"class_list":["post-10655","page","type-page","status-publish","has-post-thumbnail","hentry"],"jetpack_sharing_enabled":true,"_links":{"self":[{"href":"https:\/\/ywamarts.org\/es\/wp-json\/wp\/v2\/pages\/10655","targetHints":{"allow":["GET"]}}],"collection":[{"href":"https:\/\/ywamarts.org\/es\/wp-json\/wp\/v2\/pages"}],"about":[{"href":"https:\/\/ywamarts.org\/es\/wp-json\/wp\/v2\/types\/page"}],"author":[{"embeddable":true,"href":"https:\/\/ywamarts.org\/es\/wp-json\/wp\/v2\/users\/3"}],"replies":[{"embeddable":true,"href":"https:\/\/ywamarts.org\/es\/wp-json\/wp\/v2\/comments?post=10655"}],"version-history":[{"count":10,"href":"https:\/\/ywamarts.org\/es\/wp-json\/wp\/v2\/pages\/10655\/revisions"}],"predecessor-version":[{"id":12813,"href":"https:\/\/ywamarts.org\/es\/wp-json\/wp\/v2\/pages\/10655\/revisions\/12813"}],"wp:featuredmedia":[{"embeddable":true,"href":"https:\/\/ywamarts.org\/es\/wp-json\/wp\/v2\/media\/10659"}],"wp:attachment":[{"href":"https:\/\/ywamarts.org\/es\/wp-json\/wp\/v2\/media?parent=10655"}],"wp:term":[{"taxonomy":"category","embeddable":true,"href":"https:\/\/ywamarts.org\/es\/wp-json\/wp\/v2\/categories?post=10655"},{"taxonomy":"post_tag","embeddable":true,"href":"https:\/\/ywamarts.org\/es\/wp-json\/wp\/v2\/tags?post=10655"}],"curies":[{"name":"wp","href":"https:\/\/api.w.org\/{rel}","templated":true}]}}